{"id":329,"date":"2025-08-29T09:32:24","date_gmt":"2025-08-29T09:32:24","guid":{"rendered":"https:\/\/hosteleriasoluciones.com\/?page_id=329"},"modified":"2025-08-29T09:47:47","modified_gmt":"2025-08-29T09:47:47","slug":"preguntas-frecuentes","status":"publish","type":"page","link":"https:\/\/hosteleriasoluciones.com\/index.php\/preguntas-frecuentes\/","title":{"rendered":"FAQ"},"content":{"rendered":"<p>[et_pb_section fb_built=\u00bb1&#8243; _builder_version=\u00bb4.27.4&#8243; _module_preset=\u00bbdefault\u00bb custom_padding=\u00bb18px||22px|||\u00bb global_colors_info=\u00bb{}\u00bb][et_pb_row _builder_version=\u00bb4.27.4&#8243; _module_preset=\u00bbdefault\u00bb global_colors_info=\u00bb{}\u00bb][et_pb_column type=\u00bb4_4&#8243; _builder_version=\u00bb4.27.4&#8243; _module_preset=\u00bbdefault\u00bb global_colors_info=\u00bb{}\u00bb][et_pb_blurb title=\u00bbPreguntas frecuentes\u00bb use_icon=\u00bbon\u00bb font_icon=\u00bb&#xe064;||divi||400&#8243; icon_color=\u00bb#d7b356&#8243; image_icon_width=\u00bb80px\u00bb image_icon_width_tablet=\u00bb75px\u00bb image_icon_width_phone=\u00bb70px\u00bb image_icon_width_last_edited=\u00bbon|desktop\u00bb _builder_version=\u00bb4.27.4&#8243; _module_preset=\u00bbdefault\u00bb header_level=\u00bbh1&#8243; header_font=\u00bbPoppins|||on|||||\u00bb header_text_align=\u00bbcenter\u00bb header_letter_spacing=\u00bb1px\u00bb body_font=\u00bb&#8211;et_global_body_font||||||||\u00bb body_text_align=\u00bbcenter\u00bb body_font_size=\u00bb16px\u00bb body_letter_spacing=\u00bb1px\u00bb header_font_size_tablet=\u00bb26px\u00bb header_font_size_phone=\u00bb22px\u00bb header_font_size_last_edited=\u00bbon|desktop\u00bb body_font_size_tablet=\u00bb16px\u00bb body_font_size_phone=\u00bb16px\u00bb body_font_size_last_edited=\u00bbon|desktop\u00bb global_colors_info=\u00bb{}\u00bb]<\/p>\n<p>\u00bfEn qu\u00e9 podemos ayudarte?<\/p>\n<p>[\/et_pb_blurb][\/et_pb_column][\/et_pb_row][\/et_pb_section][et_pb_section fb_built=\u00bb1&#8243; _builder_version=\u00bb4.27.4&#8243; _module_preset=\u00bbdefault\u00bb background_color=\u00bb#efefef\u00bb global_colors_info=\u00bb{}\u00bb][et_pb_row _builder_version=\u00bb4.27.4&#8243; _module_preset=\u00bbdefault\u00bb custom_padding=\u00bb29px|||||\u00bb global_colors_info=\u00bb{}\u00bb][et_pb_column type=\u00bb4_4&#8243; _builder_version=\u00bb4.27.4&#8243; _module_preset=\u00bbdefault\u00bb global_colors_info=\u00bb{}\u00bb][et_pb_accordion _builder_version=\u00bb4.27.4&#8243; _module_preset=\u00bbdefault\u00bb hover_enabled=\u00bb0&#8243; global_colors_info=\u00bb{}\u00bb sticky_enabled=\u00bb0&#8243; toggle_level=\u00bbh2&#8243; toggle_font=\u00bb&#8211;et_global_body_font||||||||\u00bb open_toggle_text_color=\u00bb#000000&#8243; closed_toggle_font=\u00bb&#8211;et_global_body_font||||||||\u00bb][et_pb_accordion_item title=\u00bb\u00bfQu\u00e9 tipo de maquinaria ofrecemos?\u00bb open=\u00bboff\u00bb open_toggle_text_color=\u00bb#d7b356&#8243; open_toggle_background_color=\u00bb#FFFFFF\u00bb closed_toggle_background_color=\u00bb#FFFFFF\u00bb icon_color=\u00bb#000000&#8243; toggle_icon=\u00bb&#x43;||divi||400&#8243; use_icon_font_size=\u00bbon\u00bb icon_font_size=\u00bb30px\u00bb _builder_version=\u00bb4.27.4&#8243; _module_preset=\u00bbdefault\u00bb hover_enabled=\u00bb0&#8243; global_colors_info=\u00bb{}\u00bb toggle_text_color=\u00bb#000000&#8243; toggle_level=\u00bbh3&#8243; toggle_font=\u00bb&#8211;et_global_body_font||||||||\u00bb toggle_letter_spacing=\u00bb0px\u00bb sticky_enabled=\u00bb0&#8243;]<\/p>\n<p>En The Title Hosteler\u00eda nos especializamos en maquinaria industrial para hosteler\u00eda. Ofrecemos una amplia gama de productos que incluyen lavaplatos industriales, muebles de acero inoxidable, cocinas, campanas, y maquinaria complementaria como zumeras, sandwicheras, planchas y m\u00e1quinas de caf\u00e9.<\/p>\n<p>[\/et_pb_accordion_item][et_pb_accordion_item title=\u00bb\u00bfQu\u00e9 tipo de productos Gourmet puedo solicitar?\u00bb open_toggle_text_color=\u00bb#d7b356&#8243; open_toggle_background_color=\u00bb#FFFFFF\u00bb closed_toggle_background_color=\u00bb#FFFFFF\u00bb icon_color=\u00bb#000000&#8243; toggle_icon=\u00bb&#x43;||divi||400&#8243; use_icon_font_size=\u00bbon\u00bb icon_font_size=\u00bb30px\u00bb _builder_version=\u00bb4.27.4&#8243; _module_preset=\u00bbdefault\u00bb hover_enabled=\u00bb0&#8243; global_colors_info=\u00bb{}\u00bb toggle_text_color=\u00bb#000000&#8243; toggle_level=\u00bbh3&#8243; toggle_font=\u00bb&#8211;et_global_body_font||||||||\u00bb toggle_letter_spacing=\u00bb0px\u00bb open=\u00bboff\u00bb sticky_enabled=\u00bb0&#8243;]<\/p>\n<p>Nuestros productos gourmet incluyen las mejores marcas de productos reconocidos, ya sea jam\u00f3n, olivas, aceite, quesos, &#8230; y la posibilidad de incluir novedades que proporcionen ese toque diferencial en su negocio, como nuestras cervezas artesanales, el licor Narancello o la selecci\u00f3n de caf\u00e9s con denominaci\u00f3n de origen.<\/p>\n<p>[\/et_pb_accordion_item][et_pb_accordion_item title=\u00bb\u00bfEs importante una buena elecci\u00f3n de m\u00e1quina de caf\u00e9?\u00bb open_toggle_text_color=\u00bb#d7b356&#8243; open_toggle_background_color=\u00bb#FFFFFF\u00bb closed_toggle_background_color=\u00bb#FFFFFF\u00bb icon_color=\u00bb#000000&#8243; toggle_icon=\u00bb&#x43;||divi||400&#8243; use_icon_font_size=\u00bbon\u00bb icon_font_size=\u00bb30px\u00bb _builder_version=\u00bb4.27.4&#8243; _module_preset=\u00bbdefault\u00bb hover_enabled=\u00bb0&#8243; global_colors_info=\u00bb{}\u00bb toggle_text_color=\u00bb#000000&#8243; toggle_level=\u00bbh3&#8243; toggle_font=\u00bb&#8211;et_global_body_font||||||||\u00bb toggle_letter_spacing=\u00bb0px\u00bb open=\u00bboff\u00bb sticky_enabled=\u00bb0&#8243;]<\/p>\n<p>El caf\u00e9 <span>marca la diferencia entre una experiencia m\u00e1s en un restaurante y una experiencia memorable para el cliente que recordar\u00e1 para siempre. Por eso, la elecci\u00f3n de la m\u00e1quina de caf\u00e9 no es solo una inversi\u00f3n, si una decisi\u00f3n clave estrat\u00e9gica de negocio. Nosotros te asesoramos.<\/span><\/p>\n<p>[\/et_pb_accordion_item][et_pb_accordion_item title=\u00bb\u00bfC\u00f3mo puedo destacar sirviendo el caf\u00e9?\u00bb open_toggle_text_color=\u00bb#d7b356&#8243; open_toggle_background_color=\u00bb#FFFFFF\u00bb closed_toggle_background_color=\u00bb#FFFFFF\u00bb icon_color=\u00bb#000000&#8243; toggle_icon=\u00bb&#x43;||divi||400&#8243; use_icon_font_size=\u00bbon\u00bb icon_font_size=\u00bb30px\u00bb _builder_version=\u00bb4.27.4&#8243; _module_preset=\u00bbdefault\u00bb hover_enabled=\u00bb0&#8243; global_colors_info=\u00bb{}\u00bb toggle_text_color=\u00bb#000000&#8243; toggle_level=\u00bbh3&#8243; toggle_font=\u00bb&#8211;et_global_body_font||||||||\u00bb toggle_letter_spacing=\u00bb0px\u00bb open=\u00bboff\u00bb sticky_enabled=\u00bb0&#8243;]<\/p>\n<p>Te ofrecemos un Curso donde un Barista profesional te ense\u00f1ar\u00e1 a ti o a tus empleados a preparar el espresso perfecto, dominar la leche vaporizada y presentar bebidas irresistibles. No lo dudes, deleita a tus clientes y destacar\u00e1s sobre el resto.<\/p>\n<p>[\/et_pb_accordion_item][et_pb_accordion_item title=\u00bb\u00bfLas m\u00e1quinas de caf\u00e9 incluyen servicio t\u00e9cnico?\u00bb open_toggle_text_color=\u00bb#d7b356&#8243; open_toggle_background_color=\u00bb#FFFFFF\u00bb closed_toggle_background_color=\u00bb#FFFFFF\u00bb icon_color=\u00bb#000000&#8243; toggle_icon=\u00bb&#x43;||divi||400&#8243; use_icon_font_size=\u00bbon\u00bb icon_font_size=\u00bb30px\u00bb _builder_version=\u00bb4.27.4&#8243; _module_preset=\u00bbdefault\u00bb hover_enabled=\u00bb0&#8243; global_colors_info=\u00bb{}\u00bb toggle_text_color=\u00bb#000000&#8243; toggle_level=\u00bbh3&#8243; toggle_font=\u00bb&#8211;et_global_body_font||||||||\u00bb toggle_letter_spacing=\u00bb0px\u00bb open=\u00bbon\u00bb sticky_enabled=\u00bb0&#8243;]<\/p>\n<p>Disponemos de un equipo de especialistas al servicio de nuestros clientes los 365 d\u00edas del a\u00f1o. Nuestros t\u00e9cnicos asisten en la puesta a punto de la maquinaria, as\u00ed como en su mantenimiento, reposici\u00f3n de piezas y accesorios, y en la resoluci\u00f3n de posibles incidencias relativas a su funcionamiento.<\/p>\n<p>[\/et_pb_accordion_item][et_pb_accordion_item title=\u00bbNecesito el servicio de marketing pero no tengo logo\u00bb open_toggle_text_color=\u00bb#d7b356&#8243; open_toggle_background_color=\u00bb#FFFFFF\u00bb closed_toggle_background_color=\u00bb#FFFFFF\u00bb icon_color=\u00bb#000000&#8243; toggle_icon=\u00bb&#x43;||divi||400&#8243; use_icon_font_size=\u00bbon\u00bb icon_font_size=\u00bb30px\u00bb _builder_version=\u00bb4.27.4&#8243; _module_preset=\u00bbdefault\u00bb hover_enabled=\u00bb0&#8243; global_colors_info=\u00bb{}\u00bb toggle_text_color=\u00bb#000000&#8243; toggle_level=\u00bbh3&#8243; toggle_font=\u00bb&#8211;et_global_body_font||||||||\u00bb toggle_letter_spacing=\u00bb0px\u00bb open=\u00bboff\u00bb sticky_enabled=\u00bb0&#8243;]<\/p>\n<p>No hay ning\u00fan problema, nuestros profesionales de dise\u00f1o, marketing y publicidad pueden desarrollarle desde el logo, la imagen corporativa, su aplicaci\u00f3n y montaje de p\u00e1gina web como presentaci\u00f3n de su hotel o restaurante o bien para poder empezar su campa\u00f1a publicitaria si lo desea.<\/p>\n<p>[\/et_pb_accordion_item][et_pb_accordion_item title=\u00bbNo s\u00e9 si necesito una web o una APP para mi Restaurante\u00bb open_toggle_text_color=\u00bb#d7b356&#8243; open_toggle_background_color=\u00bb#FFFFFF\u00bb closed_toggle_background_color=\u00bb#FFFFFF\u00bb icon_color=\u00bb#000000&#8243; toggle_icon=\u00bb&#x43;||divi||400&#8243; use_icon_font_size=\u00bbon\u00bb icon_font_size=\u00bb30px\u00bb _builder_version=\u00bb4.27.4&#8243; _module_preset=\u00bbdefault\u00bb hover_enabled=\u00bb0&#8243; global_colors_info=\u00bb{}\u00bb toggle_text_color=\u00bb#000000&#8243; toggle_level=\u00bbh3&#8243; toggle_font=\u00bb&#8211;et_global_body_font||||||||\u00bb toggle_letter_spacing=\u00bb0px\u00bb open=\u00bboff\u00bb sticky_enabled=\u00bb0&#8243;]<\/p>\n<p>Nuestro servicio completo de marketing, dise\u00f1o y publicidad especializado en el sector de Hosteler\u00eda y Restauraci\u00f3n le aconsejar\u00e1 lo m\u00e1s adecuado. En funci\u00f3n del negocio nuestro equipo le puede desarrollar una web b\u00e1sica de servicio o una aplicaci\u00f3n que le permita registrar reservas, base de datos de usuarios o men\u00fas del d\u00eda.<\/p>\n<p>[\/et_pb_accordion_item][\/et_pb_accordion][\/et_pb_column][\/et_pb_row][\/et_pb_section][et_pb_section fb_built=\u00bb1&#8243; fullwidth=\u00bbon\u00bb _builder_version=\u00bb4.27.4&#8243; _module_preset=\u00bbdefault\u00bb background_image=\u00bbhttps:\/\/hosteleriasoluciones.com\/wp-content\/uploads\/2025\/08\/servicios-1920&#215;1000-slide-1.jpg\u00bb parallax=\u00bbon\u00bb parallax_method=\u00bboff\u00bb height=\u00bb625px\u00bb global_colors_info=\u00bb{}\u00bb][\/et_pb_section][et_pb_section fb_built=\u00bb1&#8243; fullwidth=\u00bbon\u00bb _builder_version=\u00bb4.27.4&#8243; _module_preset=\u00bbdefault\u00bb global_colors_info=\u00bb{}\u00bb][et_pb_fullwidth_header title=\u00bb\u00bfNecesitas ayuda personalizada?\u00bb text_orientation=\u00bbcenter\u00bb header_image_url=\u00bbhttps:\/\/hosteleriasoluciones.com\/wp-content\/uploads\/2025\/08\/TAXI-VALENCIA-CITY-icono-whatsapp2.png\u00bb _builder_version=\u00bb4.27.4&#8243; _module_preset=\u00bbdefault\u00bb title_level=\u00bbh3&#8243; title_font=\u00bb&#8211;et_global_body_font|||on|||||\u00bb title_text_align=\u00bbcenter\u00bb title_text_color=\u00bb#000000&#8243; title_letter_spacing=\u00bb1px\u00bb content_font=\u00bb&#8211;et_global_body_font||||||||\u00bb content_text_color=\u00bb#000000&#8243; content_font_size=\u00bb16px\u00bb content_line_height=\u00bb1.9em\u00bb subhead_text_color=\u00bb#000000&#8243; background_enable_color=\u00bboff\u00bb link_option_url=\u00bbhttps:\/\/wa.me\/633306641&#8243; title_font_size_tablet=\u00bb26px\u00bb title_font_size_phone=\u00bb22px\u00bb title_font_size_last_edited=\u00bbon|desktop\u00bb content_font_size_tablet=\u00bb\u00bb content_font_size_phone=\u00bb\u00bb content_font_size_last_edited=\u00bbon|desktop\u00bb global_colors_info=\u00bb{}\u00bb]<\/p>\n<p>CONTACTA CON NOSOTROS<\/p>\n<p><strong>+34 633 30 66 41<\/strong><\/p>\n<p>[\/et_pb_fullwidth_header][\/et_pb_section]<\/p>\n","protected":false},"excerpt":{"rendered":"<p>\u00bfEn qu\u00e9 podemos ayudarte?En The Title Hosteler\u00eda nos especializamos en maquinaria industrial para hosteler\u00eda. Ofrecemos una amplia gama de productos que incluyen lavaplatos industriales, muebles de acero inoxidable, cocinas, campanas, y maquinaria complementaria como zumeras, sandwicheras, planchas y m\u00e1quinas de caf\u00e9.Nuestros productos gourmet incluyen las mejores marcas de productos reconocidos, ya sea jam\u00f3n, olivas, aceite, [&hellip;]<\/p>\n","protected":false},"author":2,"featured_media":0,"parent":0,"menu_order":0,"comment_status":"closed","ping_status":"closed","template":"","meta":{"_et_pb_use_builder":"on","_et_pb_old_content":"","_et_gb_content_width":"","footnotes":""},"class_list":["post-329","page","type-page","status-publish","hentry"],"yoast_head":"<!-- This site is optimized with the Yoast SEO plugin v25.6 - https:\/\/yoast.com\/wordpress\/plugins\/seo\/ -->\n<title>FAQ - Soluciones Hosteler\u00eda<\/title>\n<meta name=\"robots\" content=\"noindex, follow, max-snippet:-1, max-image-preview:large, max-video-preview:-1\" \/>\n<meta property=\"og:locale\" content=\"es_ES\" \/>\n<meta property=\"og:type\" content=\"article\" \/>\n<meta property=\"og:title\" content=\"FAQ - Soluciones Hosteler\u00eda\" \/>\n<meta property=\"og:description\" content=\"\u00bfEn qu\u00e9 podemos ayudarte?En The Title Hosteler\u00eda nos especializamos en maquinaria industrial para hosteler\u00eda. Ofrecemos una amplia gama de productos que incluyen lavaplatos industriales, muebles de acero inoxidable, cocinas, campanas, y maquinaria complementaria como zumeras, sandwicheras, planchas y m\u00e1quinas de caf\u00e9.Nuestros productos gourmet incluyen las mejores marcas de productos reconocidos, ya sea jam\u00f3n, olivas, aceite, [&hellip;]\" \/>\n<meta property=\"og:url\" content=\"https:\/\/hosteleriasoluciones.com\/index.php\/preguntas-frecuentes\/\" \/>\n<meta property=\"og:site_name\" content=\"Soluciones Hosteler\u00eda\" \/>\n<meta property=\"article:modified_time\" content=\"2025-08-29T09:47:47+00:00\" \/>\n<meta name=\"twitter:card\" content=\"summary_large_image\" \/>\n<script type=\"application\/ld+json\" class=\"yoast-schema-graph\">{\"@context\":\"https:\/\/schema.org\",\"@graph\":[{\"@type\":\"WebPage\",\"@id\":\"https:\/\/hosteleriasoluciones.com\/index.php\/preguntas-frecuentes\/\",\"url\":\"https:\/\/hosteleriasoluciones.com\/index.php\/preguntas-frecuentes\/\",\"name\":\"FAQ - Soluciones Hosteler\u00eda\",\"isPartOf\":{\"@id\":\"https:\/\/hosteleriasoluciones.com\/#website\"},\"datePublished\":\"2025-08-29T09:32:24+00:00\",\"dateModified\":\"2025-08-29T09:47:47+00:00\",\"breadcrumb\":{\"@id\":\"https:\/\/hosteleriasoluciones.com\/index.php\/preguntas-frecuentes\/#breadcrumb\"},\"inLanguage\":\"es\",\"potentialAction\":[{\"@type\":\"ReadAction\",\"target\":[\"https:\/\/hosteleriasoluciones.com\/index.php\/preguntas-frecuentes\/\"]}]},{\"@type\":\"BreadcrumbList\",\"@id\":\"https:\/\/hosteleriasoluciones.com\/index.php\/preguntas-frecuentes\/#breadcrumb\",\"itemListElement\":[{\"@type\":\"ListItem\",\"position\":1,\"name\":\"Portada\",\"item\":\"https:\/\/hosteleriasoluciones.com\/\"},{\"@type\":\"ListItem\",\"position\":2,\"name\":\"FAQ\"}]},{\"@type\":\"WebSite\",\"@id\":\"https:\/\/hosteleriasoluciones.com\/#website\",\"url\":\"https:\/\/hosteleriasoluciones.com\/\",\"name\":\"Soluciones Hosteler\u00eda\",\"description\":\"\",\"potentialAction\":[{\"@type\":\"SearchAction\",\"target\":{\"@type\":\"EntryPoint\",\"urlTemplate\":\"https:\/\/hosteleriasoluciones.com\/?s={search_term_string}\"},\"query-input\":{\"@type\":\"PropertyValueSpecification\",\"valueRequired\":true,\"valueName\":\"search_term_string\"}}],\"inLanguage\":\"es\"}]}<\/script>\n<!-- \/ Yoast SEO plugin. -->","yoast_head_json":{"title":"FAQ - Soluciones Hosteler\u00eda","robots":{"index":"noindex","follow":"follow","max-snippet":"max-snippet:-1","max-image-preview":"max-image-preview:large","max-video-preview":"max-video-preview:-1"},"og_locale":"es_ES","og_type":"article","og_title":"FAQ - Soluciones Hosteler\u00eda","og_description":"\u00bfEn qu\u00e9 podemos ayudarte?En The Title Hosteler\u00eda nos especializamos en maquinaria industrial para hosteler\u00eda. Ofrecemos una amplia gama de productos que incluyen lavaplatos industriales, muebles de acero inoxidable, cocinas, campanas, y maquinaria complementaria como zumeras, sandwicheras, planchas y m\u00e1quinas de caf\u00e9.Nuestros productos gourmet incluyen las mejores marcas de productos reconocidos, ya sea jam\u00f3n, olivas, aceite, [&hellip;]","og_url":"https:\/\/hosteleriasoluciones.com\/index.php\/preguntas-frecuentes\/","og_site_name":"Soluciones Hosteler\u00eda","article_modified_time":"2025-08-29T09:47:47+00:00","twitter_card":"summary_large_image","schema":{"@context":"https:\/\/schema.org","@graph":[{"@type":"WebPage","@id":"https:\/\/hosteleriasoluciones.com\/index.php\/preguntas-frecuentes\/","url":"https:\/\/hosteleriasoluciones.com\/index.php\/preguntas-frecuentes\/","name":"FAQ - Soluciones Hosteler\u00eda","isPartOf":{"@id":"https:\/\/hosteleriasoluciones.com\/#website"},"datePublished":"2025-08-29T09:32:24+00:00","dateModified":"2025-08-29T09:47:47+00:00","breadcrumb":{"@id":"https:\/\/hosteleriasoluciones.com\/index.php\/preguntas-frecuentes\/#breadcrumb"},"inLanguage":"es","potentialAction":[{"@type":"ReadAction","target":["https:\/\/hosteleriasoluciones.com\/index.php\/preguntas-frecuentes\/"]}]},{"@type":"BreadcrumbList","@id":"https:\/\/hosteleriasoluciones.com\/index.php\/preguntas-frecuentes\/#breadcrumb","itemListElement":[{"@type":"ListItem","position":1,"name":"Portada","item":"https:\/\/hosteleriasoluciones.com\/"},{"@type":"ListItem","position":2,"name":"FAQ"}]},{"@type":"WebSite","@id":"https:\/\/hosteleriasoluciones.com\/#website","url":"https:\/\/hosteleriasoluciones.com\/","name":"Soluciones Hosteler\u00eda","description":"","potentialAction":[{"@type":"SearchAction","target":{"@type":"EntryPoint","urlTemplate":"https:\/\/hosteleriasoluciones.com\/?s={search_term_string}"},"query-input":{"@type":"PropertyValueSpecification","valueRequired":true,"valueName":"search_term_string"}}],"inLanguage":"es"}]}},"_links":{"self":[{"href":"https:\/\/hosteleriasoluciones.com\/index.php\/wp-json\/wp\/v2\/pages\/329","targetHints":{"allow":["GET"]}}],"collection":[{"href":"https:\/\/hosteleriasoluciones.com\/index.php\/wp-json\/wp\/v2\/pages"}],"about":[{"href":"https:\/\/hosteleriasoluciones.com\/index.php\/wp-json\/wp\/v2\/types\/page"}],"author":[{"embeddable":true,"href":"https:\/\/hosteleriasoluciones.com\/index.php\/wp-json\/wp\/v2\/users\/2"}],"replies":[{"embeddable":true,"href":"https:\/\/hosteleriasoluciones.com\/index.php\/wp-json\/wp\/v2\/comments?post=329"}],"version-history":[{"count":7,"href":"https:\/\/hosteleriasoluciones.com\/index.php\/wp-json\/wp\/v2\/pages\/329\/revisions"}],"predecessor-version":[{"id":341,"href":"https:\/\/hosteleriasoluciones.com\/index.php\/wp-json\/wp\/v2\/pages\/329\/revisions\/341"}],"wp:attachment":[{"href":"https:\/\/hosteleriasoluciones.com\/index.php\/wp-json\/wp\/v2\/media?parent=329"}],"curies":[{"name":"wp","href":"https:\/\/api.w.org\/{rel}","templated":true}]}}