{"id":170,"date":"2025-08-13T09:28:53","date_gmt":"2025-08-13T09:28:53","guid":{"rendered":"https:\/\/hosteleriasoluciones.com\/?page_id=170"},"modified":"2025-08-29T08:45:35","modified_gmt":"2025-08-29T08:45:35","slug":"curso-barista","status":"publish","type":"page","link":"https:\/\/hosteleriasoluciones.com\/index.php\/curso-barista\/","title":{"rendered":"curso barista"},"content":{"rendered":"<p>[et_pb_section fb_built=\u00bb1&#8243; fullwidth=\u00bbon\u00bb _builder_version=\u00bb4.27.4&#8243; _module_preset=\u00bbdefault\u00bb background_enable_image=\u00bboff\u00bb height=\u00bb625px\u00bb global_colors_info=\u00bb{}\u00bb][et_pb_fullwidth_slider use_bg_overlay=\u00bboff\u00bb _builder_version=\u00bb4.27.4&#8243; _module_preset=\u00bbdefault\u00bb global_colors_info=\u00bb{}\u00bb][et_pb_slide heading=\u00bbCURSO BARISTA\u00bb use_bg_overlay=\u00bbon\u00bb use_text_overlay=\u00bboff\u00bb _builder_version=\u00bb4.27.4&#8243; _module_preset=\u00bbdefault\u00bb background_image=\u00bbhttps:\/\/hosteleriasoluciones.com\/wp-content\/uploads\/2025\/08\/curso-barista-1920&#215;1000-slide3.jpg\u00bb background_enable_image=\u00bbon\u00bb parallax=\u00bbon\u00bb global_colors_info=\u00bb{}\u00bb sticky_transition=\u00bbon\u00bb][\/et_pb_slide][\/et_pb_fullwidth_slider][\/et_pb_section][et_pb_section fb_built=\u00bb1&#8243; fullwidth=\u00bbon\u00bb _builder_version=\u00bb4.27.4&#8243; _module_preset=\u00bbdefault\u00bb global_colors_info=\u00bb{}\u00bb][et_pb_fullwidth_header title=\u00bbCurso Barista\u00bb text_orientation=\u00bbcenter\u00bb logo_image_url=\u00bbhttps:\/\/hosteleriasoluciones.com\/wp-content\/uploads\/2025\/08\/icono-barista.png\u00bb _builder_version=\u00bb4.27.4&#8243; _module_preset=\u00bbdefault\u00bb title_text_color=\u00bb#000000&#8243; content_text_color=\u00bb#000000&#8243; subhead_text_color=\u00bb#000000&#8243; background_enable_color=\u00bboff\u00bb custom_margin=\u00bb-37px|||||\u00bb global_colors_info=\u00bb{}\u00bb]<\/p>\n<p>Domina las texturas del caf\u00e9. Personaliza la leche de forma exquisita. Aprende como hacer un CAF\u00c9 PERFECTO.<\/p>\n<p>[\/et_pb_fullwidth_header][\/et_pb_section][et_pb_section fb_built=\u00bb1&#8243; fullwidth=\u00bbon\u00bb _builder_version=\u00bb4.27.4&#8243; _module_preset=\u00bbdefault\u00bb background_image=\u00bbhttps:\/\/hosteleriasoluciones.com\/wp-content\/uploads\/2025\/08\/curso-barista-1920&#215;1000-slide1.jpg\u00bb parallax=\u00bbon\u00bb parallax_method=\u00bboff\u00bb height=\u00bb625px\u00bb global_colors_info=\u00bb{}\u00bb][\/et_pb_section][et_pb_section fb_built=\u00bb1&#8243; _builder_version=\u00bb4.27.4&#8243; _module_preset=\u00bbdefault\u00bb global_colors_info=\u00bb{}\u00bb][et_pb_row _builder_version=\u00bb4.27.4&#8243; _module_preset=\u00bbdefault\u00bb global_colors_info=\u00bb{}\u00bb][et_pb_column type=\u00bb4_4&#8243; _builder_version=\u00bb4.27.4&#8243; _module_preset=\u00bbdefault\u00bb global_colors_info=\u00bb{}\u00bb][et_pb_text _builder_version=\u00bb4.27.4&#8243; _module_preset=\u00bbdefault\u00bb text_font=\u00bbPoppins|700|||||||\u00bb text_text_color=\u00bb#000000&#8243; text_line_height=\u00bb1.8em\u00bb global_colors_info=\u00bb{}\u00bb]<\/p>\n<h2><strong>Cursos de Baristas profesionales<\/strong><strong><\/strong><\/h2>\n<p>[\/et_pb_text][et_pb_text _builder_version=\u00bb4.27.4&#8243; _module_preset=\u00bbdefault\u00bb global_colors_info=\u00bb{}\u00bb]<\/p>\n<blockquote>\n<p><strong>\u00bfQuieres destacar en el mundo del caf\u00e9?<\/strong><\/p>\n<ul>\n<li>Con nuestro Curso Barista aprender\u00e1s t\u00e9cnicas profesionales para preparar el espresso perfecto, dominar la leche vaporizada y presentar bebidas irresistibles. \u00a1Inscr\u00edbete y deleita a tus clientes!<\/li>\n<\/ul>\n<p><strong>Teor\u00eda y pr\u00e1ctica, le damos la oportunidad de crear ese plus diferencial sobre su competencia.<\/strong><\/p>\n<ul>\n<li>Nuestros baristas profesionales titulados le proporcionan cursos abarcando teor\u00eda y pr\u00e1ctica. Manejo de equipos, creaci\u00f3n y manipulaci\u00f3n de texturas, tendencias actuales y la importancia de un servicio excelente.<\/li>\n<\/ul>\n<p><strong>\u00abTE ACOMPA\u00d1AMOS\u00bb<\/strong><\/p>\n<\/blockquote>\n<p>[\/et_pb_text][\/et_pb_column][\/et_pb_row][et_pb_row use_custom_gutter=\u00bbon\u00bb gutter_width=\u00bb1&#8243; _builder_version=\u00bb4.27.4&#8243; _module_preset=\u00bbdefault\u00bb global_colors_info=\u00bb{}\u00bb][et_pb_column type=\u00bb4_4&#8243; _builder_version=\u00bb4.27.4&#8243; _module_preset=\u00bbdefault\u00bb global_colors_info=\u00bb{}\u00bb][et_pb_gallery gallery_ids=\u00bb235,236,242,238&#8243; gallery_orderby=\u00bbrand\u00bb show_title_and_caption=\u00bboff\u00bb show_pagination=\u00bboff\u00bb zoom_icon_color=\u00bb#ffffff\u00bb hover_overlay_color=\u00bbrgba(255,255,255,0.44)\u00bb hover_icon=\u00bb&#x50;||divi||400&#8243; _builder_version=\u00bb4.27.4&#8243; _module_preset=\u00bbdefault\u00bb title_font_size=\u00bb13px\u00bb title_line_height=\u00bb1.5em\u00bb background_color=\u00bbRGBA(255,255,255,0)\u00bb text_orientation=\u00bbcenter\u00bb module_alignment=\u00bbcenter\u00bb custom_margin=\u00bb||||false|false\u00bb custom_padding=\u00bb||||false|false\u00bb border_width_all=\u00bb4px\u00bb border_color_all=\u00bb#FFFFFF\u00bb global_colors_info=\u00bb{}\u00bb][\/et_pb_gallery][\/et_pb_column][\/et_pb_row][\/et_pb_section][et_pb_section fb_built=\u00bb1&#8243; fullwidth=\u00bbon\u00bb _builder_version=\u00bb4.27.4&#8243; _module_preset=\u00bbdefault\u00bb background_image=\u00bbhttps:\/\/hosteleriasoluciones.com\/wp-content\/uploads\/2025\/08\/curso-barista-3.jpg\u00bb parallax=\u00bbon\u00bb parallax_method=\u00bboff\u00bb height=\u00bb625px\u00bb global_colors_info=\u00bb{}\u00bb][\/et_pb_section][et_pb_section fb_built=\u00bb1&#8243; fullwidth=\u00bbon\u00bb _builder_version=\u00bb4.27.4&#8243; _module_preset=\u00bbdefault\u00bb background_color=\u00bb#d7b356&#8243; global_colors_info=\u00bb{}\u00bb][et_pb_fullwidth_header title=\u00bb\u00bfNecesitas ayuda personalizada?\u00bb text_orientation=\u00bbcenter\u00bb header_image_url=\u00bbhttps:\/\/hosteleriasoluciones.com\/wp-content\/uploads\/2025\/08\/TAXI-VALENCIA-CITY-icono-whatsapp2.png\u00bb _builder_version=\u00bb4.27.4&#8243; _module_preset=\u00bbdefault\u00bb title_level=\u00bbh3&#8243; title_font=\u00bb&#8211;et_global_body_font|||on|||||\u00bb title_text_align=\u00bbcenter\u00bb title_text_color=\u00bb#000000&#8243; title_letter_spacing=\u00bb1px\u00bb content_font=\u00bb&#8211;et_global_body_font||||||||\u00bb content_text_color=\u00bb#000000&#8243; content_font_size=\u00bb16px\u00bb content_line_height=\u00bb1.9em\u00bb subhead_text_color=\u00bb#000000&#8243; background_enable_color=\u00bboff\u00bb link_option_url=\u00bbhttps:\/\/wa.me\/633306641&#8243; title_font_size_tablet=\u00bb26px\u00bb title_font_size_phone=\u00bb22px\u00bb title_font_size_last_edited=\u00bbon|desktop\u00bb content_font_size_tablet=\u00bb\u00bb content_font_size_phone=\u00bb\u00bb content_font_size_last_edited=\u00bbon|desktop\u00bb global_colors_info=\u00bb{}\u00bb theme_builder_area=\u00bbpost_content\u00bb]<\/p>\n<p>CONTACTA CON NOSOTROS<\/p>\n<p><strong>+34 633 30 66 41<\/strong><\/p>\n<p>[\/et_pb_fullwidth_header][\/et_pb_section]<\/p>\n","protected":false},"excerpt":{"rendered":"<p>Domina las texturas del caf\u00e9. Personaliza la leche de forma exquisita. Aprende como hacer un CAF\u00c9 PERFECTO.Cursos de Baristas profesionales \u00bfQuieres destacar en el mundo del caf\u00e9? Con nuestro Curso Barista aprender\u00e1s t\u00e9cnicas profesionales para preparar el espresso perfecto, dominar la leche vaporizada y presentar bebidas irresistibles. \u00a1Inscr\u00edbete y deleita a tus clientes! Teor\u00eda y [&hellip;]<\/p>\n","protected":false},"author":2,"featured_media":0,"parent":0,"menu_order":0,"comment_status":"closed","ping_status":"closed","template":"","meta":{"_et_pb_use_builder":"on","_et_pb_old_content":"","_et_gb_content_width":"","footnotes":""},"class_list":["post-170","page","type-page","status-publish","hentry"],"yoast_head":"<!-- This site is optimized with the Yoast SEO plugin v25.6 - https:\/\/yoast.com\/wordpress\/plugins\/seo\/ -->\n<title>curso barista - Soluciones Hosteler\u00eda<\/title>\n<meta name=\"robots\" content=\"noindex, follow, max-snippet:-1, max-image-preview:large, max-video-preview:-1\" \/>\n<meta property=\"og:locale\" content=\"es_ES\" \/>\n<meta property=\"og:type\" content=\"article\" \/>\n<meta property=\"og:title\" content=\"curso barista - Soluciones Hosteler\u00eda\" \/>\n<meta property=\"og:description\" content=\"Domina las texturas del caf\u00e9. Personaliza la leche de forma exquisita. Aprende como hacer un CAF\u00c9 PERFECTO.Cursos de Baristas profesionales \u00bfQuieres destacar en el mundo del caf\u00e9? Con nuestro Curso Barista aprender\u00e1s t\u00e9cnicas profesionales para preparar el espresso perfecto, dominar la leche vaporizada y presentar bebidas irresistibles. \u00a1Inscr\u00edbete y deleita a tus clientes! Teor\u00eda y [&hellip;]\" \/>\n<meta property=\"og:url\" content=\"https:\/\/hosteleriasoluciones.com\/index.php\/curso-barista\/\" \/>\n<meta property=\"og:site_name\" content=\"Soluciones Hosteler\u00eda\" \/>\n<meta property=\"article:modified_time\" content=\"2025-08-29T08:45:35+00:00\" \/>\n<meta name=\"twitter:card\" content=\"summary_large_image\" \/>\n<script type=\"application\/ld+json\" class=\"yoast-schema-graph\">{\"@context\":\"https:\/\/schema.org\",\"@graph\":[{\"@type\":\"WebPage\",\"@id\":\"https:\/\/hosteleriasoluciones.com\/index.php\/curso-barista\/\",\"url\":\"https:\/\/hosteleriasoluciones.com\/index.php\/curso-barista\/\",\"name\":\"curso barista - Soluciones Hosteler\u00eda\",\"isPartOf\":{\"@id\":\"https:\/\/hosteleriasoluciones.com\/#website\"},\"datePublished\":\"2025-08-13T09:28:53+00:00\",\"dateModified\":\"2025-08-29T08:45:35+00:00\",\"breadcrumb\":{\"@id\":\"https:\/\/hosteleriasoluciones.com\/index.php\/curso-barista\/#breadcrumb\"},\"inLanguage\":\"es\",\"potentialAction\":[{\"@type\":\"ReadAction\",\"target\":[\"https:\/\/hosteleriasoluciones.com\/index.php\/curso-barista\/\"]}]},{\"@type\":\"BreadcrumbList\",\"@id\":\"https:\/\/hosteleriasoluciones.com\/index.php\/curso-barista\/#breadcrumb\",\"itemListElement\":[{\"@type\":\"ListItem\",\"position\":1,\"name\":\"Portada\",\"item\":\"https:\/\/hosteleriasoluciones.com\/\"},{\"@type\":\"ListItem\",\"position\":2,\"name\":\"curso barista\"}]},{\"@type\":\"WebSite\",\"@id\":\"https:\/\/hosteleriasoluciones.com\/#website\",\"url\":\"https:\/\/hosteleriasoluciones.com\/\",\"name\":\"Soluciones Hosteler\u00eda\",\"description\":\"\",\"potentialAction\":[{\"@type\":\"SearchAction\",\"target\":{\"@type\":\"EntryPoint\",\"urlTemplate\":\"https:\/\/hosteleriasoluciones.com\/?s={search_term_string}\"},\"query-input\":{\"@type\":\"PropertyValueSpecification\",\"valueRequired\":true,\"valueName\":\"search_term_string\"}}],\"inLanguage\":\"es\"}]}<\/script>\n<!-- \/ Yoast SEO plugin. -->","yoast_head_json":{"title":"curso barista - Soluciones Hosteler\u00eda","robots":{"index":"noindex","follow":"follow","max-snippet":"max-snippet:-1","max-image-preview":"max-image-preview:large","max-video-preview":"max-video-preview:-1"},"og_locale":"es_ES","og_type":"article","og_title":"curso barista - Soluciones Hosteler\u00eda","og_description":"Domina las texturas del caf\u00e9. Personaliza la leche de forma exquisita. Aprende como hacer un CAF\u00c9 PERFECTO.Cursos de Baristas profesionales \u00bfQuieres destacar en el mundo del caf\u00e9? Con nuestro Curso Barista aprender\u00e1s t\u00e9cnicas profesionales para preparar el espresso perfecto, dominar la leche vaporizada y presentar bebidas irresistibles. \u00a1Inscr\u00edbete y deleita a tus clientes! Teor\u00eda y [&hellip;]","og_url":"https:\/\/hosteleriasoluciones.com\/index.php\/curso-barista\/","og_site_name":"Soluciones Hosteler\u00eda","article_modified_time":"2025-08-29T08:45:35+00:00","twitter_card":"summary_large_image","schema":{"@context":"https:\/\/schema.org","@graph":[{"@type":"WebPage","@id":"https:\/\/hosteleriasoluciones.com\/index.php\/curso-barista\/","url":"https:\/\/hosteleriasoluciones.com\/index.php\/curso-barista\/","name":"curso barista - Soluciones Hosteler\u00eda","isPartOf":{"@id":"https:\/\/hosteleriasoluciones.com\/#website"},"datePublished":"2025-08-13T09:28:53+00:00","dateModified":"2025-08-29T08:45:35+00:00","breadcrumb":{"@id":"https:\/\/hosteleriasoluciones.com\/index.php\/curso-barista\/#breadcrumb"},"inLanguage":"es","potentialAction":[{"@type":"ReadAction","target":["https:\/\/hosteleriasoluciones.com\/index.php\/curso-barista\/"]}]},{"@type":"BreadcrumbList","@id":"https:\/\/hosteleriasoluciones.com\/index.php\/curso-barista\/#breadcrumb","itemListElement":[{"@type":"ListItem","position":1,"name":"Portada","item":"https:\/\/hosteleriasoluciones.com\/"},{"@type":"ListItem","position":2,"name":"curso barista"}]},{"@type":"WebSite","@id":"https:\/\/hosteleriasoluciones.com\/#website","url":"https:\/\/hosteleriasoluciones.com\/","name":"Soluciones Hosteler\u00eda","description":"","potentialAction":[{"@type":"SearchAction","target":{"@type":"EntryPoint","urlTemplate":"https:\/\/hosteleriasoluciones.com\/?s={search_term_string}"},"query-input":{"@type":"PropertyValueSpecification","valueRequired":true,"valueName":"search_term_string"}}],"inLanguage":"es"}]}},"_links":{"self":[{"href":"https:\/\/hosteleriasoluciones.com\/index.php\/wp-json\/wp\/v2\/pages\/170","targetHints":{"allow":["GET"]}}],"collection":[{"href":"https:\/\/hosteleriasoluciones.com\/index.php\/wp-json\/wp\/v2\/pages"}],"about":[{"href":"https:\/\/hosteleriasoluciones.com\/index.php\/wp-json\/wp\/v2\/types\/page"}],"author":[{"embeddable":true,"href":"https:\/\/hosteleriasoluciones.com\/index.php\/wp-json\/wp\/v2\/users\/2"}],"replies":[{"embeddable":true,"href":"https:\/\/hosteleriasoluciones.com\/index.php\/wp-json\/wp\/v2\/comments?post=170"}],"version-history":[{"count":10,"href":"https:\/\/hosteleriasoluciones.com\/index.php\/wp-json\/wp\/v2\/pages\/170\/revisions"}],"predecessor-version":[{"id":308,"href":"https:\/\/hosteleriasoluciones.com\/index.php\/wp-json\/wp\/v2\/pages\/170\/revisions\/308"}],"wp:attachment":[{"href":"https:\/\/hosteleriasoluciones.com\/index.php\/wp-json\/wp\/v2\/media?parent=170"}],"curies":[{"name":"wp","href":"https:\/\/api.w.org\/{rel}","templated":true}]}}