{"id":15,"date":"2025-08-11T11:45:18","date_gmt":"2025-08-11T11:45:18","guid":{"rendered":"https:\/\/hosteleriasoluciones.com\/?page_id=15"},"modified":"2025-09-19T08:12:29","modified_gmt":"2025-09-19T08:12:29","slug":"hosteleriasoluciones","status":"publish","type":"page","link":"https:\/\/hosteleriasoluciones.com\/","title":{"rendered":"hosteleriasoluciones"},"content":{"rendered":"<p>[et_pb_section fb_built=\u00bb1&#8243; fullwidth=\u00bbon\u00bb _builder_version=\u00bb4.27.4&#8243; _module_preset=\u00bbdefault\u00bb global_colors_info=\u00bb{}\u00bb][et_pb_fullwidth_slider _builder_version=\u00bb4.27.4&#8243; _module_preset=\u00bbdefault\u00bb custom_padding=\u00bb268px||267px|||\u00bb hover_enabled=\u00bb0&#8243; global_colors_info=\u00bb{}\u00bb header_level=\u00bbh1&#8243; sticky_enabled=\u00bb0&#8243;][et_pb_slide heading=\u00bbHOSTELERIA SOLUCIONES\u00bb button_link=\u00bb@ET-DC@eyJkeW5hbWljIjp0cnVlLCJjb250ZW50IjoicG9zdF9saW5rX3VybF9wYWdlIiwic2V0dGluZ3MiOnsicG9zdF9pZCI6IjE5MSJ9fQ==@\u00bb use_bg_overlay=\u00bbon\u00bb _builder_version=\u00bb4.27.4&#8243; _dynamic_attributes=\u00bbbutton_link\u00bb _module_preset=\u00bbdefault\u00bb background_image=\u00bbhttps:\/\/hosteleriasoluciones.com\/wp-content\/uploads\/2025\/08\/1920&#215;1000-slide4-1.jpg\u00bb background_enable_image=\u00bbon\u00bb parallax=\u00bbon\u00bb global_colors_info=\u00bb{}\u00bb sticky_transition=\u00bbon\u00bb]<\/p>\n<p>Todo el producto que necesitas para tu hotel, resort, restaurante, cafeter\u00eda, bar, &#8230;<\/p>\n<p>[\/et_pb_slide][et_pb_slide heading=\u00bbMAQUINARIA Y MOBILIARIO INDUSTRIAL\u00bb button_link=\u00bb@ET-DC@eyJkeW5hbWljIjp0cnVlLCJjb250ZW50IjoicG9zdF9saW5rX3VybF9wYWdlIiwic2V0dGluZ3MiOnsicG9zdF9pZCI6IjUwIn19@\u00bb use_bg_overlay=\u00bbon\u00bb _builder_version=\u00bb4.27.4&#8243; _dynamic_attributes=\u00bbbutton_link\u00bb _module_preset=\u00bbdefault\u00bb background_image=\u00bbhttps:\/\/hosteleriasoluciones.com\/wp-content\/uploads\/2025\/08\/maquinaria-mobiliario-industrial-1920&#215;1000-slide2.jpg\u00bb background_enable_image=\u00bbon\u00bb parallax=\u00bbon\u00bb global_colors_info=\u00bb{}\u00bb sticky_transition=\u00bbon\u00bb]<\/p>\n<p>M\u00c1QUINAS DE CAF\u00c9, ENCIMERAS, CAMPANAS, EXTRACCI\u00d3N DE HUMOS, ENVASADORAS,&#8230;<\/p>\n<p>[\/et_pb_slide][\/et_pb_fullwidth_slider][\/et_pb_section][et_pb_section fb_built=\u00bb1&#8243; fullwidth=\u00bbon\u00bb _builder_version=\u00bb4.27.4&#8243; _module_preset=\u00bbdefault\u00bb global_colors_info=\u00bb{}\u00bb][et_pb_fullwidth_header title=\u00bbSoluciones Completas para Hosteler\u00eda y Restauraci\u00f3n\u00bb text_orientation=\u00bbcenter\u00bb _builder_version=\u00bb4.27.4&#8243; _module_preset=\u00bbdefault\u00bb title_text_color=\u00bb#000000&#8243; content_text_color=\u00bb#000000&#8243; subhead_text_color=\u00bb#000000&#8243; background_enable_color=\u00bboff\u00bb custom_padding=\u00bb||35px|||\u00bb global_colors_info=\u00bb{}\u00bb]<\/p>\n<p>En The Title Hosteler\u00eda ofrecemos una <strong data-start=\"294\" data-end=\"362\">soluci\u00f3n integral para bares, restaurantes, cafeter\u00edas y hoteles<\/strong>, combinando productos de alta calidad con servicios especializados, todo dise\u00f1ado para optimizar la operativa y mejorar la experiencia de tus clientes.<\/p>\n<p data-start=\"549\" data-end=\"687\"><strong>Productos profesionales y gourmet,\u00a0servicios especializados,\u00a0soluciones personalizadas y\u00a0asesoramiento y soporte continuo para garantizar el m\u00e1ximo rendimiento y eficiencia en tu establecimiento.<\/strong><\/p>\n<p>[\/et_pb_fullwidth_header][\/et_pb_section][et_pb_section fb_built=\u00bb1&#8243; fullwidth=\u00bbon\u00bb _builder_version=\u00bb4.27.4&#8243; _module_preset=\u00bbdefault\u00bb background_image=\u00bbhttps:\/\/hosteleriasoluciones.com\/wp-content\/uploads\/2025\/08\/1920&#215;1000-slide5.jpg\u00bb parallax=\u00bbon\u00bb parallax_method=\u00bboff\u00bb height=\u00bb625px\u00bb global_colors_info=\u00bb{}\u00bb][\/et_pb_section][et_pb_section fb_built=\u00bb1&#8243; fullwidth=\u00bbon\u00bb _builder_version=\u00bb4.27.4&#8243; _module_preset=\u00bbdefault\u00bb global_colors_info=\u00bb{}\u00bb][et_pb_fullwidth_header title=\u00bbProductos para Hosteler\u00eda y Restauraci\u00f3n\u00bb text_orientation=\u00bbcenter\u00bb _builder_version=\u00bb4.27.4&#8243; _module_preset=\u00bbdefault\u00bb title_text_color=\u00bb#000000&#8243; content_text_color=\u00bb#000000&#8243; subhead_text_color=\u00bb#000000&#8243; background_enable_color=\u00bboff\u00bb custom_padding=\u00bb||13px|||\u00bb global_colors_info=\u00bb{}\u00bb]<\/p>\n<p>En <strong>The Title Hosteleria<\/strong> entendemos las necesidades \u00fanicas del sector hostelero. Por eso ofrecemos una amplia gama de <strong data-start=\"455\" data-end=\"513\">productos profesionales para hosteler\u00eda y restauraci\u00f3n<\/strong>, dise\u00f1ados para garantizar calidad, eficiencia y confianza en el d\u00eda a d\u00eda de tu negocio.<\/p>\n<p>Trabajamos con marcas de confianza y seleccionamos cuidadosamente cada producto para que tu restaurante, hotel o cafeter\u00eda cuente con las mejores herramientas para ofrecer un servicio de calidad a sus clientes.<\/p>\n<p>[\/et_pb_fullwidth_header][\/et_pb_section][et_pb_section fb_built=\u00bb1&#8243; _builder_version=\u00bb4.27.4&#8243; _module_preset=\u00bbdefault\u00bb custom_padding=\u00bb27px|||||\u00bb global_colors_info=\u00bb{}\u00bb][et_pb_row column_structure=\u00bb1_3,1_3,1_3&#8243; _builder_version=\u00bb4.27.4&#8243; _module_preset=\u00bbdefault\u00bb global_colors_info=\u00bb{}\u00bb][et_pb_column type=\u00bb1_3&#8243; _builder_version=\u00bb4.27.4&#8243; _dynamic_attributes=\u00bblink_option_url\u00bb _module_preset=\u00bbdefault\u00bb custom_padding=\u00bb||||false|false\u00bb link_option_url=\u00bb@ET-DC@eyJkeW5hbWljIjp0cnVlLCJjb250ZW50IjoicG9zdF9saW5rX3VybF9wYWdlIiwic2V0dGluZ3MiOnsicG9zdF9pZCI6IjUwIn19@\u00bb global_colors_info=\u00bb{}\u00bb][et_pb_image src=\u00bbhttps:\/\/hosteleriasoluciones.com\/wp-content\/uploads\/2025\/08\/icono-maquinas-mobiliario.png\u00bb title_text=\u00bbicono-maquinas-mobiliario\u00bb align=\u00bbcenter\u00bb _builder_version=\u00bb4.27.4&#8243; _module_preset=\u00bbdefault\u00bb global_colors_info=\u00bb{}\u00bb][\/et_pb_image][et_pb_button button_url=\u00bb@ET-DC@eyJkeW5hbWljIjp0cnVlLCJjb250ZW50IjoicG9zdF9saW5rX3VybF9wYWdlIiwic2V0dGluZ3MiOnsicG9zdF9pZCI6IjUwIn19@\u00bb button_text=\u00bbMAQUINARIA Y MOBILIARIO INDUSTRIAL\u00bb button_alignment=\u00bbcenter\u00bb _builder_version=\u00bb4.27.4&#8243; _dynamic_attributes=\u00bbbutton_url\u00bb _module_preset=\u00bbdefault\u00bb global_colors_info=\u00bb{}\u00bb][\/et_pb_button][\/et_pb_column][et_pb_column type=\u00bb1_3&#8243; _builder_version=\u00bb4.27.4&#8243; _dynamic_attributes=\u00bblink_option_url\u00bb _module_preset=\u00bbdefault\u00bb link_option_url=\u00bb@ET-DC@eyJkeW5hbWljIjp0cnVlLCJjb250ZW50IjoicG9zdF9saW5rX3VybF9wYWdlIiwic2V0dGluZ3MiOnsicG9zdF9pZCI6IjExOSJ9fQ==@\u00bb global_colors_info=\u00bb{}\u00bb][et_pb_image src=\u00bbhttps:\/\/hosteleriasoluciones.com\/wp-content\/uploads\/2025\/08\/icono-maquinas-cafe.png\u00bb title_text=\u00bbicono-maquinas-cafe\u00bb align=\u00bbcenter\u00bb _builder_version=\u00bb4.27.4&#8243; _module_preset=\u00bbdefault\u00bb custom_margin=\u00bb||||false|false\u00bb global_colors_info=\u00bb{}\u00bb][\/et_pb_image][et_pb_button button_text=\u00bbM\u00c1QUINAS CAF\u00c9 Y ACCESORIOS\u00bb button_alignment=\u00bbcenter\u00bb _builder_version=\u00bb4.27.4&#8243; _module_preset=\u00bbdefault\u00bb global_colors_info=\u00bb{}\u00bb][\/et_pb_button][\/et_pb_column][et_pb_column type=\u00bb1_3&#8243; _builder_version=\u00bb4.27.4&#8243; _dynamic_attributes=\u00bblink_option_url\u00bb _module_preset=\u00bbdefault\u00bb link_option_url=\u00bb@ET-DC@eyJkeW5hbWljIjp0cnVlLCJjb250ZW50IjoicG9zdF9saW5rX3VybF9wYWdlIiwic2V0dGluZ3MiOnsicG9zdF9pZCI6IjEzMCJ9fQ==@\u00bb global_colors_info=\u00bb{}\u00bb][et_pb_image src=\u00bbhttps:\/\/hosteleriasoluciones.com\/wp-content\/uploads\/2025\/08\/icono-gourmet.png\u00bb title_text=\u00bbicono-gourmet\u00bb align=\u00bbcenter\u00bb _builder_version=\u00bb4.27.4&#8243; _module_preset=\u00bbdefault\u00bb global_colors_info=\u00bb{}\u00bb][\/et_pb_image][et_pb_button button_text=\u00bbPRODUCTOS GOURMET\u00bb button_alignment=\u00bbcenter\u00bb _builder_version=\u00bb4.27.4&#8243; _module_preset=\u00bbdefault\u00bb global_colors_info=\u00bb{}\u00bb][\/et_pb_button][\/et_pb_column][\/et_pb_row][\/et_pb_section][et_pb_section fb_built=\u00bb1&#8243; fullwidth=\u00bbon\u00bb _builder_version=\u00bb4.27.4&#8243; _module_preset=\u00bbdefault\u00bb global_colors_info=\u00bb{}\u00bb][et_pb_fullwidth_header title=\u00bbServicio Integral para Hosteler\u00eda y Restauraci\u00f3n\u00bb text_orientation=\u00bbcenter\u00bb _builder_version=\u00bb4.27.4&#8243; _module_preset=\u00bbdefault\u00bb title_text_color=\u00bb#000000&#8243; content_text_color=\u00bb#000000&#8243; subhead_text_color=\u00bb#000000&#8243; background_enable_color=\u00bboff\u00bb custom_padding=\u00bb22px||17px|||\u00bb hover_enabled=\u00bb0&#8243; global_colors_info=\u00bb{}\u00bb title_level=\u00bbh2&#8243; sticky_enabled=\u00bb0&#8243;]<\/p>\n<p data-start=\"371\" data-end=\"577\">En un sector tan din\u00e1mico y exigente como el de la hosteler\u00eda y la restauraci\u00f3n, contar con un aliado de confianza es fundamental para asegurar la calidad, la eficiencia y la satisfacci\u00f3n de los clientes.<\/p>\n<p data-start=\"579\" data-end=\"751\">Ofrecemos un <strong data-start=\"590\" data-end=\"611\">servicio completo<\/strong>, dise\u00f1ado espec\u00edficamente para negocios como restaurantes, hoteles, bares y cafeter\u00edas, que cubre todas las necesidades clave del sector.<\/p>\n<p data-start=\"579\" data-end=\"751\">Nuestro objetivo es ofrecerte una visi\u00f3n global, con soluciones pr\u00e1cticas y adaptadas a tu negocio, para que puedas centrarte en lo m\u00e1s importante: hacer que tus clientes vivan una experiencia excelente.<\/p>\n<p>[\/et_pb_fullwidth_header][\/et_pb_section][et_pb_section fb_built=\u00bb1&#8243; _builder_version=\u00bb4.27.4&#8243; _module_preset=\u00bbdefault\u00bb custom_padding=\u00bb19px|||||\u00bb global_colors_info=\u00bb{}\u00bb][et_pb_row column_structure=\u00bb1_3,1_3,1_3&#8243; _builder_version=\u00bb4.27.4&#8243; _module_preset=\u00bbdefault\u00bb global_colors_info=\u00bb{}\u00bb][et_pb_column type=\u00bb1_3&#8243; _builder_version=\u00bb4.27.4&#8243; _dynamic_attributes=\u00bblink_option_url\u00bb _module_preset=\u00bbdefault\u00bb custom_padding=\u00bb||||false|false\u00bb link_option_url=\u00bb@ET-DC@eyJkeW5hbWljIjp0cnVlLCJjb250ZW50IjoicG9zdF9saW5rX3VybF9wYWdlIiwic2V0dGluZ3MiOnsicG9zdF9pZCI6IjUwIn19@\u00bb global_colors_info=\u00bb{}\u00bb][et_pb_image src=\u00bbhttps:\/\/hosteleriasoluciones.com\/wp-content\/uploads\/2025\/08\/icono-marketing.png\u00bb title_text=\u00bbicono-marketing\u00bb align=\u00bbcenter\u00bb _builder_version=\u00bb4.27.4&#8243; _module_preset=\u00bbdefault\u00bb global_colors_info=\u00bb{}\u00bb][\/et_pb_image][et_pb_button button_text=\u00bbMARKETING Y PUBLICIDAD\u00bb button_alignment=\u00bbcenter\u00bb _builder_version=\u00bb4.27.4&#8243; _module_preset=\u00bbdefault\u00bb global_colors_info=\u00bb{}\u00bb][\/et_pb_button][\/et_pb_column][et_pb_column type=\u00bb1_3&#8243; _builder_version=\u00bb4.27.4&#8243; _dynamic_attributes=\u00bblink_option_url\u00bb _module_preset=\u00bbdefault\u00bb link_option_url=\u00bb@ET-DC@eyJkeW5hbWljIjp0cnVlLCJjb250ZW50IjoicG9zdF9saW5rX3VybF9wYWdlIiwic2V0dGluZ3MiOnsicG9zdF9pZCI6IjUwIn19@\u00bb global_colors_info=\u00bb{}\u00bb][et_pb_image src=\u00bbhttps:\/\/hosteleriasoluciones.com\/wp-content\/uploads\/2025\/08\/icono-barista.png\u00bb title_text=\u00bbicono-barista\u00bb align=\u00bbcenter\u00bb _builder_version=\u00bb4.27.4&#8243; _module_preset=\u00bbdefault\u00bb custom_margin=\u00bb||||false|false\u00bb global_colors_info=\u00bb{}\u00bb][\/et_pb_image][et_pb_button button_text=\u00bbCURSO BARISTA\u00bb button_alignment=\u00bbcenter\u00bb _builder_version=\u00bb4.27.4&#8243; _module_preset=\u00bbdefault\u00bb global_colors_info=\u00bb{}\u00bb][\/et_pb_button][\/et_pb_column][et_pb_column type=\u00bb1_3&#8243; _builder_version=\u00bb4.27.4&#8243; _module_preset=\u00bbdefault\u00bb global_colors_info=\u00bb{}\u00bb][et_pb_image src=\u00bbhttps:\/\/hosteleriasoluciones.com\/wp-content\/uploads\/2025\/08\/icono-certificado-calidad.png\u00bb title_text=\u00bbicono-certificado-calidad\u00bb align=\u00bbcenter\u00bb _builder_version=\u00bb4.27.4&#8243; _module_preset=\u00bbdefault\u00bb global_colors_info=\u00bb{}\u00bb][\/et_pb_image][et_pb_button button_text=\u00bbCERTIFICADO EMPRESAS Y CALIDAD\u00bb button_alignment=\u00bbcenter\u00bb _builder_version=\u00bb4.27.4&#8243; _module_preset=\u00bbdefault\u00bb global_colors_info=\u00bb{}\u00bb][\/et_pb_button][\/et_pb_column][\/et_pb_row][\/et_pb_section][et_pb_section fb_built=\u00bb1&#8243; fullwidth=\u00bbon\u00bb _builder_version=\u00bb4.27.4&#8243; _module_preset=\u00bbdefault\u00bb background_image=\u00bbhttps:\/\/hosteleriasoluciones.com\/wp-content\/uploads\/2025\/08\/gourmet-1920&#215;1000-slide3.jpg\u00bb parallax=\u00bbon\u00bb parallax_method=\u00bboff\u00bb height=\u00bb625px\u00bb global_colors_info=\u00bb{}\u00bb][\/et_pb_section][et_pb_section fb_built=\u00bb1&#8243; fullwidth=\u00bbon\u00bb _builder_version=\u00bb4.27.4&#8243; _module_preset=\u00bbdefault\u00bb global_colors_info=\u00bb{}\u00bb][et_pb_fullwidth_header title=\u00bb\u00bfNecesitas ayuda personalizada?\u00bb text_orientation=\u00bbcenter\u00bb header_image_url=\u00bbhttps:\/\/hosteleriasoluciones.com\/wp-content\/uploads\/2025\/08\/TAXI-VALENCIA-CITY-icono-whatsapp2.png\u00bb _builder_version=\u00bb4.27.4&#8243; _module_preset=\u00bbdefault\u00bb title_level=\u00bbh3&#8243; title_font=\u00bb&#8211;et_global_body_font|||on|||||\u00bb title_text_align=\u00bbcenter\u00bb title_text_color=\u00bb#000000&#8243; title_letter_spacing=\u00bb1px\u00bb content_font=\u00bb&#8211;et_global_body_font||||||||\u00bb content_text_color=\u00bb#000000&#8243; content_font_size=\u00bb16px\u00bb content_line_height=\u00bb1.9em\u00bb subhead_text_color=\u00bb#000000&#8243; background_enable_color=\u00bboff\u00bb link_option_url=\u00bbhttps:\/\/wa.me\/633306641&#8243; title_font_size_tablet=\u00bb26px\u00bb title_font_size_phone=\u00bb22px\u00bb title_font_size_last_edited=\u00bbon|desktop\u00bb content_font_size_tablet=\u00bb\u00bb content_font_size_phone=\u00bb\u00bb content_font_size_last_edited=\u00bbon|desktop\u00bb global_colors_info=\u00bb{}\u00bb]<\/p>\n<p>CONTACTA CON NOSOTROS<\/p>\n<p><strong>+34 633 30 66 41<\/strong><\/p>\n<p>[\/et_pb_fullwidth_header][\/et_pb_section]<\/p>\n","protected":false},"excerpt":{"rendered":"<p>Todo el producto que necesitas para tu hotel, resort, restaurante, cafeter\u00eda, bar, &#8230;M\u00c1QUINAS DE CAF\u00c9, ENCIMERAS, CAMPANAS, EXTRACCI\u00d3N DE HUMOS, ENVASADORAS,&#8230;En The Title Hosteler\u00eda ofrecemos una soluci\u00f3n integral para bares, restaurantes, cafeter\u00edas y hoteles, combinando productos de alta calidad con servicios especializados, todo dise\u00f1ado para optimizar la operativa y mejorar la experiencia de tus clientes. [&hellip;]<\/p>\n","protected":false},"author":2,"featured_media":0,"parent":0,"menu_order":0,"comment_status":"closed","ping_status":"closed","template":"","meta":{"_et_pb_use_builder":"on","_et_pb_old_content":"","_et_gb_content_width":"","footnotes":""},"class_list":["post-15","page","type-page","status-publish","hentry"],"yoast_head":"<!-- This site is optimized with the Yoast SEO plugin v25.6 - https:\/\/yoast.com\/wordpress\/plugins\/seo\/ -->\n<title>hosteleriasoluciones - Soluciones Hosteler\u00eda<\/title>\n<meta name=\"robots\" content=\"noindex, follow, max-snippet:-1, max-image-preview:large, max-video-preview:-1\" \/>\n<meta property=\"og:locale\" content=\"es_ES\" \/>\n<meta property=\"og:type\" content=\"article\" \/>\n<meta property=\"og:title\" content=\"hosteleriasoluciones - Soluciones Hosteler\u00eda\" \/>\n<meta property=\"og:description\" content=\"Todo el producto que necesitas para tu hotel, resort, restaurante, cafeter\u00eda, bar, ...M\u00c1QUINAS DE CAF\u00c9, ENCIMERAS, CAMPANAS, EXTRACCI\u00d3N DE HUMOS, ENVASADORAS,...En The Title Hosteler\u00eda ofrecemos una soluci\u00f3n integral para bares, restaurantes, cafeter\u00edas y hoteles, combinando productos de alta calidad con servicios especializados, todo dise\u00f1ado para optimizar la operativa y mejorar la experiencia de tus clientes. [&hellip;]\" \/>\n<meta property=\"og:url\" content=\"https:\/\/hosteleriasoluciones.com\/\" \/>\n<meta property=\"og:site_name\" content=\"Soluciones Hosteler\u00eda\" \/>\n<meta property=\"article:modified_time\" content=\"2025-09-19T08:12:29+00:00\" \/>\n<meta name=\"twitter:card\" content=\"summary_large_image\" \/>\n<script type=\"application\/ld+json\" class=\"yoast-schema-graph\">{\"@context\":\"https:\/\/schema.org\",\"@graph\":[{\"@type\":\"WebPage\",\"@id\":\"https:\/\/hosteleriasoluciones.com\/\",\"url\":\"https:\/\/hosteleriasoluciones.com\/\",\"name\":\"hosteleriasoluciones - Soluciones Hosteler\u00eda\",\"isPartOf\":{\"@id\":\"https:\/\/hosteleriasoluciones.com\/#website\"},\"datePublished\":\"2025-08-11T11:45:18+00:00\",\"dateModified\":\"2025-09-19T08:12:29+00:00\",\"breadcrumb\":{\"@id\":\"https:\/\/hosteleriasoluciones.com\/#breadcrumb\"},\"inLanguage\":\"es\",\"potentialAction\":[{\"@type\":\"ReadAction\",\"target\":[\"https:\/\/hosteleriasoluciones.com\/\"]}]},{\"@type\":\"BreadcrumbList\",\"@id\":\"https:\/\/hosteleriasoluciones.com\/#breadcrumb\",\"itemListElement\":[{\"@type\":\"ListItem\",\"position\":1,\"name\":\"Portada\",\"item\":\"https:\/\/hosteleriasoluciones.com\/\"},{\"@type\":\"ListItem\",\"position\":2,\"name\":\"hosteleriasoluciones\"}]},{\"@type\":\"WebSite\",\"@id\":\"https:\/\/hosteleriasoluciones.com\/#website\",\"url\":\"https:\/\/hosteleriasoluciones.com\/\",\"name\":\"Soluciones Hosteler\u00eda\",\"description\":\"\",\"potentialAction\":[{\"@type\":\"SearchAction\",\"target\":{\"@type\":\"EntryPoint\",\"urlTemplate\":\"https:\/\/hosteleriasoluciones.com\/?s={search_term_string}\"},\"query-input\":{\"@type\":\"PropertyValueSpecification\",\"valueRequired\":true,\"valueName\":\"search_term_string\"}}],\"inLanguage\":\"es\"}]}<\/script>\n<!-- \/ Yoast SEO plugin. -->","yoast_head_json":{"title":"hosteleriasoluciones - Soluciones Hosteler\u00eda","robots":{"index":"noindex","follow":"follow","max-snippet":"max-snippet:-1","max-image-preview":"max-image-preview:large","max-video-preview":"max-video-preview:-1"},"og_locale":"es_ES","og_type":"article","og_title":"hosteleriasoluciones - Soluciones Hosteler\u00eda","og_description":"Todo el producto que necesitas para tu hotel, resort, restaurante, cafeter\u00eda, bar, ...M\u00c1QUINAS DE CAF\u00c9, ENCIMERAS, CAMPANAS, EXTRACCI\u00d3N DE HUMOS, ENVASADORAS,...En The Title Hosteler\u00eda ofrecemos una soluci\u00f3n integral para bares, restaurantes, cafeter\u00edas y hoteles, combinando productos de alta calidad con servicios especializados, todo dise\u00f1ado para optimizar la operativa y mejorar la experiencia de tus clientes. [&hellip;]","og_url":"https:\/\/hosteleriasoluciones.com\/","og_site_name":"Soluciones Hosteler\u00eda","article_modified_time":"2025-09-19T08:12:29+00:00","twitter_card":"summary_large_image","schema":{"@context":"https:\/\/schema.org","@graph":[{"@type":"WebPage","@id":"https:\/\/hosteleriasoluciones.com\/","url":"https:\/\/hosteleriasoluciones.com\/","name":"hosteleriasoluciones - Soluciones Hosteler\u00eda","isPartOf":{"@id":"https:\/\/hosteleriasoluciones.com\/#website"},"datePublished":"2025-08-11T11:45:18+00:00","dateModified":"2025-09-19T08:12:29+00:00","breadcrumb":{"@id":"https:\/\/hosteleriasoluciones.com\/#breadcrumb"},"inLanguage":"es","potentialAction":[{"@type":"ReadAction","target":["https:\/\/hosteleriasoluciones.com\/"]}]},{"@type":"BreadcrumbList","@id":"https:\/\/hosteleriasoluciones.com\/#breadcrumb","itemListElement":[{"@type":"ListItem","position":1,"name":"Portada","item":"https:\/\/hosteleriasoluciones.com\/"},{"@type":"ListItem","position":2,"name":"hosteleriasoluciones"}]},{"@type":"WebSite","@id":"https:\/\/hosteleriasoluciones.com\/#website","url":"https:\/\/hosteleriasoluciones.com\/","name":"Soluciones Hosteler\u00eda","description":"","potentialAction":[{"@type":"SearchAction","target":{"@type":"EntryPoint","urlTemplate":"https:\/\/hosteleriasoluciones.com\/?s={search_term_string}"},"query-input":{"@type":"PropertyValueSpecification","valueRequired":true,"valueName":"search_term_string"}}],"inLanguage":"es"}]}},"_links":{"self":[{"href":"https:\/\/hosteleriasoluciones.com\/index.php\/wp-json\/wp\/v2\/pages\/15","targetHints":{"allow":["GET"]}}],"collection":[{"href":"https:\/\/hosteleriasoluciones.com\/index.php\/wp-json\/wp\/v2\/pages"}],"about":[{"href":"https:\/\/hosteleriasoluciones.com\/index.php\/wp-json\/wp\/v2\/types\/page"}],"author":[{"embeddable":true,"href":"https:\/\/hosteleriasoluciones.com\/index.php\/wp-json\/wp\/v2\/users\/2"}],"replies":[{"embeddable":true,"href":"https:\/\/hosteleriasoluciones.com\/index.php\/wp-json\/wp\/v2\/comments?post=15"}],"version-history":[{"count":48,"href":"https:\/\/hosteleriasoluciones.com\/index.php\/wp-json\/wp\/v2\/pages\/15\/revisions"}],"predecessor-version":[{"id":343,"href":"https:\/\/hosteleriasoluciones.com\/index.php\/wp-json\/wp\/v2\/pages\/15\/revisions\/343"}],"wp:attachment":[{"href":"https:\/\/hosteleriasoluciones.com\/index.php\/wp-json\/wp\/v2\/media?parent=15"}],"curies":[{"name":"wp","href":"https:\/\/api.w.org\/{rel}","templated":true}]}}