{"id":130,"date":"2025-08-13T08:27:07","date_gmt":"2025-08-13T08:27:07","guid":{"rendered":"https:\/\/hosteleriasoluciones.com\/?page_id=130"},"modified":"2025-08-29T09:10:23","modified_gmt":"2025-08-29T09:10:23","slug":"productos-gourmet","status":"publish","type":"page","link":"https:\/\/hosteleriasoluciones.com\/index.php\/productos-gourmet\/","title":{"rendered":"productos gourmet"},"content":{"rendered":"<p>[et_pb_section fb_built=\u00bb1&#8243; fullwidth=\u00bbon\u00bb _builder_version=\u00bb4.27.4&#8243; _module_preset=\u00bbdefault\u00bb background_enable_image=\u00bboff\u00bb height=\u00bb625px\u00bb global_colors_info=\u00bb{}\u00bb][et_pb_fullwidth_slider use_bg_overlay=\u00bboff\u00bb _builder_version=\u00bb4.27.4&#8243; _module_preset=\u00bbdefault\u00bb global_colors_info=\u00bb{}\u00bb][et_pb_slide heading=\u00bbPRODUCTOS GOURMET\u00bb use_bg_overlay=\u00bbon\u00bb use_text_overlay=\u00bboff\u00bb _builder_version=\u00bb4.27.4&#8243; _module_preset=\u00bbdefault\u00bb background_image=\u00bbhttps:\/\/hosteleriasoluciones.com\/wp-content\/uploads\/2025\/08\/gourmet-1920&#215;1000-slide.jpg\u00bb background_enable_image=\u00bbon\u00bb parallax=\u00bbon\u00bb global_colors_info=\u00bb{}\u00bb sticky_transition=\u00bbon\u00bb][\/et_pb_slide][\/et_pb_fullwidth_slider][\/et_pb_section][et_pb_section fb_built=\u00bb1&#8243; fullwidth=\u00bbon\u00bb _builder_version=\u00bb4.27.4&#8243; _module_preset=\u00bbdefault\u00bb global_colors_info=\u00bb{}\u00bb][et_pb_fullwidth_header title=\u00bbProductos m\u00e1xima calidad Gourmet\u00bb text_orientation=\u00bbcenter\u00bb logo_image_url=\u00bbhttps:\/\/hosteleriasoluciones.com\/wp-content\/uploads\/2025\/08\/icono-gourmet.png\u00bb _builder_version=\u00bb4.27.4&#8243; _module_preset=\u00bbdefault\u00bb title_text_color=\u00bb#000000&#8243; content_text_color=\u00bb#000000&#8243; subhead_text_color=\u00bb#000000&#8243; background_enable_color=\u00bboff\u00bb custom_margin=\u00bb-37px|||||\u00bb hover_enabled=\u00bb0&#8243; global_colors_info=\u00bb{}\u00bb sticky_enabled=\u00bb0&#8243;]<\/p>\n<p>En <strong>The Title Hosteleria<\/strong> ponemos a disposici\u00f3n del sector hostelero una cuidada selecci\u00f3n de <strong data-start=\"417\" data-end=\"463\">productos gourmet de alimentaci\u00f3n y bebida<\/strong>, pensados para negocios que desean ofrecer una experiencia gastron\u00f3mica \u00fanica y de calidad superior a sus clientes.<\/p>\n<p>[\/et_pb_fullwidth_header][\/et_pb_section][et_pb_section fb_built=\u00bb1&#8243; fullwidth=\u00bbon\u00bb _builder_version=\u00bb4.27.4&#8243; _module_preset=\u00bbdefault\u00bb background_image=\u00bbhttps:\/\/hosteleriasoluciones.com\/wp-content\/uploads\/2025\/08\/gourmet-1920&#215;1000-slide2.jpg\u00bb parallax=\u00bbon\u00bb parallax_method=\u00bboff\u00bb height=\u00bb625px\u00bb global_colors_info=\u00bb{}\u00bb][\/et_pb_section][et_pb_section fb_built=\u00bb1&#8243; _builder_version=\u00bb4.27.4&#8243; _module_preset=\u00bbdefault\u00bb global_colors_info=\u00bb{}\u00bb][et_pb_row _builder_version=\u00bb4.27.4&#8243; _module_preset=\u00bbdefault\u00bb global_colors_info=\u00bb{}\u00bb][et_pb_column type=\u00bb4_4&#8243; _builder_version=\u00bb4.27.4&#8243; _module_preset=\u00bbdefault\u00bb global_colors_info=\u00bb{}\u00bb][et_pb_text _builder_version=\u00bb4.27.4&#8243; _module_preset=\u00bbdefault\u00bb text_font=\u00bbPoppins|700|||||||\u00bb text_text_color=\u00bb#000000&#8243; text_line_height=\u00bb1.8em\u00bb hover_enabled=\u00bb0&#8243; global_colors_info=\u00bb{}\u00bb sticky_enabled=\u00bb0&#8243;]<\/p>\n<h2><strong>Denominaciones de origen aportando esencia y sabor delicatessen.<\/strong><strong><\/strong><\/h2>\n<p>[\/et_pb_text][et_pb_text _builder_version=\u00bb4.27.4&#8243; _module_preset=\u00bbdefault\u00bb hover_enabled=\u00bb0&#8243; global_colors_info=\u00bb{}\u00bb sticky_enabled=\u00bb0&#8243;]<\/p>\n<blockquote>\n<p><strong>THETITLE GOURMET te ofrece las \u00faltimas novedades en productos Gourmet para el sector de restauraci\u00f3n y hosteler\u00eda.<\/strong><\/p>\n<p><strong>Bebidas y alimentos de calidad excepcional, ingredientes ex\u00f3ticos y elaboraci\u00f3n artesanal.<\/strong><\/p>\n<ul>\n<li data-start=\"612\" data-end=\"690\">\n<p data-start=\"614\" data-end=\"690\">Alimentos gourmet seleccionados por su sabor, frescura y presentaci\u00f3n.<\/p>\n<\/li>\n<li data-start=\"691\" data-end=\"804\">\n<p data-start=\"693\" data-end=\"804\">Bebidas premium (vinos, destilados, caf\u00e9s y m\u00e1s) que aportan distinci\u00f3n a la carta de tu establecimiento.<\/p>\n<\/li>\n<li data-start=\"805\" data-end=\"881\">\n<p data-start=\"807\" data-end=\"881\">Marcas y productores de confianza, con garant\u00eda de origen y calidad.<\/p>\n<\/li>\n<li data-start=\"882\" data-end=\"983\">\n<p data-start=\"884\" data-end=\"983\">Asesoramiento personalizado para adaptar la oferta a tu tipo de negocio y perfil de clientes.<\/p>\n<\/li>\n<li data-start=\"805\" data-end=\"881\">\n<p data-start=\"807\" data-end=\"881\">\u00abCervera Alimentaci\u00f3n\u00bb con sus Olivas, aceite, jam\u00f3n, quesos,&#8230;<\/p>\n<\/li>\n<li data-start=\"882\" data-end=\"983\">\n<p data-start=\"884\" data-end=\"983\">\u00abCerveza Antiga\u00bb, cerveza artesanal valenciana.<\/p>\n<\/li>\n<li>\u00abLicor Narancello\u00bb, caf\u00e9, jam\u00f3n ib\u00e9rico, queso, olivas, cervezas artesanales.<\/li>\n<\/ul>\n<ul><\/ul>\n<p>Excelencia y originalidad. No solo te proporcionamos primeras marcas de productos gourmet ya establecidos en el sector, tambi\u00e9n aportamos la novedad, originalidad y excelencia del nuevo producto que crea demanda entre el usuario final.<\/p>\n<p>Con nuestros productos gourmet, tu restaurante, hotel o cafeter\u00eda podr\u00e1 destacar en un mercado competitivo, sorprendiendo a tus clientes con sabores \u00fanicos y elevando la percepci\u00f3n de tu marca.<\/p>\n<p>Asesoramiento personalizado de todo el proceso de selecci\u00f3n, si buscas algo que no encuentras nosotros te buscaremos la soluci\u00f3n.<\/p>\n<p><strong>\u00abTE ACOMPA\u00d1AMOS\u00bb<\/strong><\/p>\n<\/blockquote>\n<p>[\/et_pb_text][\/et_pb_column][\/et_pb_row][et_pb_row use_custom_gutter=\u00bbon\u00bb gutter_width=\u00bb1&#8243; _builder_version=\u00bb4.27.4&#8243; _module_preset=\u00bbdefault\u00bb global_colors_info=\u00bb{}\u00bb][et_pb_column type=\u00bb4_4&#8243; _builder_version=\u00bb4.27.4&#8243; _module_preset=\u00bbdefault\u00bb global_colors_info=\u00bb{}\u00bb][et_pb_gallery gallery_ids=\u00bb252,251,250,249&#8243; gallery_orderby=\u00bbrand\u00bb show_title_and_caption=\u00bboff\u00bb show_pagination=\u00bboff\u00bb zoom_icon_color=\u00bb#ffffff\u00bb hover_overlay_color=\u00bbrgba(255,255,255,0.44)\u00bb hover_icon=\u00bb&#x50;||divi||400&#8243; _builder_version=\u00bb4.27.4&#8243; _module_preset=\u00bbdefault\u00bb title_font_size=\u00bb13px\u00bb title_line_height=\u00bb1.5em\u00bb background_color=\u00bbRGBA(255,255,255,0)\u00bb text_orientation=\u00bbcenter\u00bb module_alignment=\u00bbcenter\u00bb custom_margin=\u00bb||||false|false\u00bb custom_padding=\u00bb||||false|false\u00bb border_width_all=\u00bb4px\u00bb border_color_all=\u00bb#FFFFFF\u00bb global_colors_info=\u00bb{}\u00bb][\/et_pb_gallery][\/et_pb_column][\/et_pb_row][\/et_pb_section][et_pb_section fb_built=\u00bb1&#8243; fullwidth=\u00bbon\u00bb _builder_version=\u00bb4.27.4&#8243; _module_preset=\u00bbdefault\u00bb background_image=\u00bbhttps:\/\/hosteleriasoluciones.com\/wp-content\/uploads\/2025\/08\/productos-1920&#215;1000-slide.jpg\u00bb parallax=\u00bbon\u00bb parallax_method=\u00bboff\u00bb height=\u00bb625px\u00bb global_colors_info=\u00bb{}\u00bb][\/et_pb_section][et_pb_section fb_built=\u00bb1&#8243; fullwidth=\u00bbon\u00bb _builder_version=\u00bb4.27.4&#8243; _module_preset=\u00bbdefault\u00bb background_color=\u00bb#d7b356&#8243; global_colors_info=\u00bb{}\u00bb][et_pb_fullwidth_header title=\u00bb\u00bfNecesitas ayuda personalizada?\u00bb text_orientation=\u00bbcenter\u00bb header_image_url=\u00bbhttps:\/\/hosteleriasoluciones.com\/wp-content\/uploads\/2025\/08\/TAXI-VALENCIA-CITY-icono-whatsapp2.png\u00bb _builder_version=\u00bb4.27.4&#8243; _module_preset=\u00bbdefault\u00bb title_level=\u00bbh3&#8243; title_font=\u00bb&#8211;et_global_body_font|||on|||||\u00bb title_text_align=\u00bbcenter\u00bb title_text_color=\u00bb#000000&#8243; title_letter_spacing=\u00bb1px\u00bb content_font=\u00bb&#8211;et_global_body_font||||||||\u00bb content_text_color=\u00bb#000000&#8243; content_font_size=\u00bb16px\u00bb content_line_height=\u00bb1.9em\u00bb subhead_text_color=\u00bb#000000&#8243; background_enable_color=\u00bboff\u00bb link_option_url=\u00bbhttps:\/\/wa.me\/633306641&#8243; title_font_size_tablet=\u00bb26px\u00bb title_font_size_phone=\u00bb22px\u00bb title_font_size_last_edited=\u00bbon|desktop\u00bb content_font_size_tablet=\u00bb\u00bb content_font_size_phone=\u00bb\u00bb content_font_size_last_edited=\u00bbon|desktop\u00bb global_colors_info=\u00bb{}\u00bb theme_builder_area=\u00bbpost_content\u00bb]<\/p>\n<p>CONTACTA CON NOSOTROS<\/p>\n<p><strong>+34 633 30 66 41<\/strong><\/p>\n<p>[\/et_pb_fullwidth_header][\/et_pb_section]<\/p>\n","protected":false},"excerpt":{"rendered":"<p>En The Title Hosteleria ponemos a disposici\u00f3n del sector hostelero una cuidada selecci\u00f3n de productos gourmet de alimentaci\u00f3n y bebida, pensados para negocios que desean ofrecer una experiencia gastron\u00f3mica \u00fanica y de calidad superior a sus clientes.Denominaciones de origen aportando esencia y sabor delicatessen. THETITLE GOURMET te ofrece las \u00faltimas novedades en productos Gourmet para [&hellip;]<\/p>\n","protected":false},"author":2,"featured_media":0,"parent":0,"menu_order":0,"comment_status":"closed","ping_status":"closed","template":"","meta":{"_et_pb_use_builder":"on","_et_pb_old_content":"","_et_gb_content_width":"","footnotes":""},"class_list":["post-130","page","type-page","status-publish","hentry"],"yoast_head":"<!-- This site is optimized with the Yoast SEO plugin v25.6 - https:\/\/yoast.com\/wordpress\/plugins\/seo\/ -->\n<title>productos gourmet - Soluciones Hosteler\u00eda<\/title>\n<meta name=\"robots\" content=\"noindex, follow, max-snippet:-1, max-image-preview:large, max-video-preview:-1\" \/>\n<meta property=\"og:locale\" content=\"es_ES\" \/>\n<meta property=\"og:type\" content=\"article\" \/>\n<meta property=\"og:title\" content=\"productos gourmet - Soluciones Hosteler\u00eda\" \/>\n<meta property=\"og:description\" content=\"En The Title Hosteleria ponemos a disposici\u00f3n del sector hostelero una cuidada selecci\u00f3n de productos gourmet de alimentaci\u00f3n y bebida, pensados para negocios que desean ofrecer una experiencia gastron\u00f3mica \u00fanica y de calidad superior a sus clientes.Denominaciones de origen aportando esencia y sabor delicatessen. THETITLE GOURMET te ofrece las \u00faltimas novedades en productos Gourmet para [&hellip;]\" \/>\n<meta property=\"og:url\" content=\"https:\/\/hosteleriasoluciones.com\/index.php\/productos-gourmet\/\" \/>\n<meta property=\"og:site_name\" content=\"Soluciones Hosteler\u00eda\" \/>\n<meta property=\"article:modified_time\" content=\"2025-08-29T09:10:23+00:00\" \/>\n<meta name=\"twitter:card\" content=\"summary_large_image\" \/>\n<script type=\"application\/ld+json\" class=\"yoast-schema-graph\">{\"@context\":\"https:\/\/schema.org\",\"@graph\":[{\"@type\":\"WebPage\",\"@id\":\"https:\/\/hosteleriasoluciones.com\/index.php\/productos-gourmet\/\",\"url\":\"https:\/\/hosteleriasoluciones.com\/index.php\/productos-gourmet\/\",\"name\":\"productos gourmet - Soluciones Hosteler\u00eda\",\"isPartOf\":{\"@id\":\"https:\/\/hosteleriasoluciones.com\/#website\"},\"datePublished\":\"2025-08-13T08:27:07+00:00\",\"dateModified\":\"2025-08-29T09:10:23+00:00\",\"breadcrumb\":{\"@id\":\"https:\/\/hosteleriasoluciones.com\/index.php\/productos-gourmet\/#breadcrumb\"},\"inLanguage\":\"es\",\"potentialAction\":[{\"@type\":\"ReadAction\",\"target\":[\"https:\/\/hosteleriasoluciones.com\/index.php\/productos-gourmet\/\"]}]},{\"@type\":\"BreadcrumbList\",\"@id\":\"https:\/\/hosteleriasoluciones.com\/index.php\/productos-gourmet\/#breadcrumb\",\"itemListElement\":[{\"@type\":\"ListItem\",\"position\":1,\"name\":\"Portada\",\"item\":\"https:\/\/hosteleriasoluciones.com\/\"},{\"@type\":\"ListItem\",\"position\":2,\"name\":\"productos gourmet\"}]},{\"@type\":\"WebSite\",\"@id\":\"https:\/\/hosteleriasoluciones.com\/#website\",\"url\":\"https:\/\/hosteleriasoluciones.com\/\",\"name\":\"Soluciones Hosteler\u00eda\",\"description\":\"\",\"potentialAction\":[{\"@type\":\"SearchAction\",\"target\":{\"@type\":\"EntryPoint\",\"urlTemplate\":\"https:\/\/hosteleriasoluciones.com\/?s={search_term_string}\"},\"query-input\":{\"@type\":\"PropertyValueSpecification\",\"valueRequired\":true,\"valueName\":\"search_term_string\"}}],\"inLanguage\":\"es\"}]}<\/script>\n<!-- \/ Yoast SEO plugin. -->","yoast_head_json":{"title":"productos gourmet - Soluciones Hosteler\u00eda","robots":{"index":"noindex","follow":"follow","max-snippet":"max-snippet:-1","max-image-preview":"max-image-preview:large","max-video-preview":"max-video-preview:-1"},"og_locale":"es_ES","og_type":"article","og_title":"productos gourmet - Soluciones Hosteler\u00eda","og_description":"En The Title Hosteleria ponemos a disposici\u00f3n del sector hostelero una cuidada selecci\u00f3n de productos gourmet de alimentaci\u00f3n y bebida, pensados para negocios que desean ofrecer una experiencia gastron\u00f3mica \u00fanica y de calidad superior a sus clientes.Denominaciones de origen aportando esencia y sabor delicatessen. THETITLE GOURMET te ofrece las \u00faltimas novedades en productos Gourmet para [&hellip;]","og_url":"https:\/\/hosteleriasoluciones.com\/index.php\/productos-gourmet\/","og_site_name":"Soluciones Hosteler\u00eda","article_modified_time":"2025-08-29T09:10:23+00:00","twitter_card":"summary_large_image","schema":{"@context":"https:\/\/schema.org","@graph":[{"@type":"WebPage","@id":"https:\/\/hosteleriasoluciones.com\/index.php\/productos-gourmet\/","url":"https:\/\/hosteleriasoluciones.com\/index.php\/productos-gourmet\/","name":"productos gourmet - Soluciones Hosteler\u00eda","isPartOf":{"@id":"https:\/\/hosteleriasoluciones.com\/#website"},"datePublished":"2025-08-13T08:27:07+00:00","dateModified":"2025-08-29T09:10:23+00:00","breadcrumb":{"@id":"https:\/\/hosteleriasoluciones.com\/index.php\/productos-gourmet\/#breadcrumb"},"inLanguage":"es","potentialAction":[{"@type":"ReadAction","target":["https:\/\/hosteleriasoluciones.com\/index.php\/productos-gourmet\/"]}]},{"@type":"BreadcrumbList","@id":"https:\/\/hosteleriasoluciones.com\/index.php\/productos-gourmet\/#breadcrumb","itemListElement":[{"@type":"ListItem","position":1,"name":"Portada","item":"https:\/\/hosteleriasoluciones.com\/"},{"@type":"ListItem","position":2,"name":"productos gourmet"}]},{"@type":"WebSite","@id":"https:\/\/hosteleriasoluciones.com\/#website","url":"https:\/\/hosteleriasoluciones.com\/","name":"Soluciones Hosteler\u00eda","description":"","potentialAction":[{"@type":"SearchAction","target":{"@type":"EntryPoint","urlTemplate":"https:\/\/hosteleriasoluciones.com\/?s={search_term_string}"},"query-input":{"@type":"PropertyValueSpecification","valueRequired":true,"valueName":"search_term_string"}}],"inLanguage":"es"}]}},"_links":{"self":[{"href":"https:\/\/hosteleriasoluciones.com\/index.php\/wp-json\/wp\/v2\/pages\/130","targetHints":{"allow":["GET"]}}],"collection":[{"href":"https:\/\/hosteleriasoluciones.com\/index.php\/wp-json\/wp\/v2\/pages"}],"about":[{"href":"https:\/\/hosteleriasoluciones.com\/index.php\/wp-json\/wp\/v2\/types\/page"}],"author":[{"embeddable":true,"href":"https:\/\/hosteleriasoluciones.com\/index.php\/wp-json\/wp\/v2\/users\/2"}],"replies":[{"embeddable":true,"href":"https:\/\/hosteleriasoluciones.com\/index.php\/wp-json\/wp\/v2\/comments?post=130"}],"version-history":[{"count":10,"href":"https:\/\/hosteleriasoluciones.com\/index.php\/wp-json\/wp\/v2\/pages\/130\/revisions"}],"predecessor-version":[{"id":323,"href":"https:\/\/hosteleriasoluciones.com\/index.php\/wp-json\/wp\/v2\/pages\/130\/revisions\/323"}],"wp:attachment":[{"href":"https:\/\/hosteleriasoluciones.com\/index.php\/wp-json\/wp\/v2\/media?parent=130"}],"curies":[{"name":"wp","href":"https:\/\/api.w.org\/{rel}","templated":true}]}}