{"id":119,"date":"2025-08-13T08:12:08","date_gmt":"2025-08-13T08:12:08","guid":{"rendered":"https:\/\/hosteleriasoluciones.com\/?page_id=119"},"modified":"2025-08-29T08:59:36","modified_gmt":"2025-08-29T08:59:36","slug":"maquinas-cafe-y-accesorios","status":"publish","type":"page","link":"https:\/\/hosteleriasoluciones.com\/index.php\/maquinas-cafe-y-accesorios\/","title":{"rendered":"Maquinas cafe y accesorios"},"content":{"rendered":"<p>[et_pb_section fb_built=\u00bb1&#8243; fullwidth=\u00bbon\u00bb _builder_version=\u00bb4.27.4&#8243; _module_preset=\u00bbdefault\u00bb background_enable_image=\u00bboff\u00bb height=\u00bb625px\u00bb global_colors_info=\u00bb{}\u00bb][et_pb_fullwidth_slider use_bg_overlay=\u00bboff\u00bb _builder_version=\u00bb4.27.4&#8243; _module_preset=\u00bbdefault\u00bb min_height=\u00bb555.6px\u00bb global_colors_info=\u00bb{}\u00bb][et_pb_slide heading=\u00bbM\u00c1QUINAS CAF\u00c9 Y ACCESORIOS\u00bb use_bg_overlay=\u00bbon\u00bb use_text_overlay=\u00bboff\u00bb _builder_version=\u00bb4.27.4&#8243; _module_preset=\u00bbdefault\u00bb background_image=\u00bbhttps:\/\/hosteleriasoluciones.com\/wp-content\/uploads\/2025\/08\/maquinas-cafe-1920&#215;1000-slide.jpg\u00bb background_enable_image=\u00bbon\u00bb parallax=\u00bbon\u00bb global_colors_info=\u00bb{}\u00bb sticky_transition=\u00bbon\u00bb][\/et_pb_slide][\/et_pb_fullwidth_slider][\/et_pb_section][et_pb_section fb_built=\u00bb1&#8243; fullwidth=\u00bbon\u00bb _builder_version=\u00bb4.27.4&#8243; _module_preset=\u00bbdefault\u00bb global_colors_info=\u00bb{}\u00bb][et_pb_fullwidth_header title=\u00bbLo \u00faltimo en m\u00e1quinas de caf\u00e9\u00bb text_orientation=\u00bbcenter\u00bb logo_image_url=\u00bbhttps:\/\/hosteleriasoluciones.com\/wp-content\/uploads\/2025\/08\/icono-maquinas-cafe.png\u00bb _builder_version=\u00bb4.27.4&#8243; _module_preset=\u00bbdefault\u00bb title_text_color=\u00bb#000000&#8243; content_text_color=\u00bb#000000&#8243; subhead_text_color=\u00bb#000000&#8243; background_enable_color=\u00bboff\u00bb custom_margin=\u00bb-37px|||||\u00bb hover_enabled=\u00bb0&#8243; global_colors_info=\u00bb{}\u00bb sticky_enabled=\u00bb0&#8243;]<\/p>\n<p>El caf\u00e9 es uno de los grandes protagonistas en la hosteler\u00eda: marca la diferencia entre una experiencia m\u00e1s y una experiencia memorable para el cliente. Por eso, elegir la m\u00e1quina de caf\u00e9 adecuada no es solo una inversi\u00f3n, sino una decisi\u00f3n estrat\u00e9gica para el \u00e9xito de tu negocio.<\/p>\n<p>[\/et_pb_fullwidth_header][\/et_pb_section][et_pb_section fb_built=\u00bb1&#8243; fullwidth=\u00bbon\u00bb _builder_version=\u00bb4.27.4&#8243; _module_preset=\u00bbdefault\u00bb background_image=\u00bbhttps:\/\/hosteleriasoluciones.com\/wp-content\/uploads\/2025\/08\/maquinas-cafe-1920&#215;1000-slide2.jpg\u00bb parallax=\u00bbon\u00bb parallax_method=\u00bboff\u00bb height=\u00bb625px\u00bb global_colors_info=\u00bb{}\u00bb][\/et_pb_section][et_pb_section fb_built=\u00bb1&#8243; _builder_version=\u00bb4.27.4&#8243; _module_preset=\u00bbdefault\u00bb global_colors_info=\u00bb{}\u00bb][et_pb_row _builder_version=\u00bb4.27.4&#8243; _module_preset=\u00bbdefault\u00bb global_colors_info=\u00bb{}\u00bb][et_pb_column type=\u00bb4_4&#8243; _builder_version=\u00bb4.27.4&#8243; _module_preset=\u00bbdefault\u00bb global_colors_info=\u00bb{}\u00bb][et_pb_text _builder_version=\u00bb4.27.4&#8243; _module_preset=\u00bbdefault\u00bb text_font=\u00bbPoppins|700|||||||\u00bb text_text_color=\u00bb#000000&#8243; text_line_height=\u00bb1.8em\u00bb global_colors_info=\u00bb{}\u00bb]<\/p>\n<h2><strong>El placer infinito del caf\u00e9 con estilo, calidad y servicio<\/strong><strong><\/strong><\/h2>\n<p>[\/et_pb_text][et_pb_text _builder_version=\u00bb4.27.4&#8243; _module_preset=\u00bbdefault\u00bb hover_enabled=\u00bb0&#8243; global_colors_info=\u00bb{}\u00bb sticky_enabled=\u00bb0&#8243;]<\/p>\n<blockquote>\n<p><strong>THETITLE MAQUINARIA DE CAF\u00c9 te ofrece las \u00faltimas novedades de m\u00e1quinas de caf\u00e9.<\/strong><\/p>\n<p><strong>Ideal para los que buscan un servicio profesional de asesoramiento y equiparse con la m\u00e1quina de caf\u00e9 adecuada para su negocio obteniendo un sabor inolvidable y ofreciendo un servicio a la misma altura.<\/strong><\/p>\n<p><strong>Ofrecemos un servicio de asesoramiento especializado en m\u00e1quinas de caf\u00e9 para bares, restaurantes, cafeter\u00edas y hoteles, adaptado a las necesidades de cada establecimiento. Te acompa\u00f1amos incluyendo:<\/strong><\/p>\n<ul>\n<li data-start=\"811\" data-end=\"955\">\n<p data-start=\"813\" data-end=\"955\">Selecci\u00f3n personalizada de la m\u00e1quina de caf\u00e9 m\u00e1s adecuada seg\u00fan el volumen de trabajo, el tipo de servicio y el perfil de tus clientes.<\/p>\n<\/li>\n<li data-start=\"956\" data-end=\"1045\">\n<p data-start=\"958\" data-end=\"1045\">Comparativa de opciones y marcas para encontrar la mejor relaci\u00f3n calidad-precio.<\/p>\n<\/li>\n<li data-start=\"1046\" data-end=\"1128\">\n<p data-start=\"1048\" data-end=\"1128\">Recomendaciones t\u00e9cnicas sobre instalaci\u00f3n, mantenimiento y uso eficiente.<\/p>\n<\/li>\n<li data-start=\"1129\" data-end=\"1236\">\n<p data-start=\"1131\" data-end=\"1236\">Optimizaci\u00f3n de la calidad del caf\u00e9 servido, garantizando consistencia y satisfacci\u00f3n en cada taza.<\/p>\n<\/li>\n<li data-start=\"811\" data-end=\"955\">\n<p data-start=\"813\" data-end=\"955\">M\u00e1quinas de caf\u00e9 autom\u00e1ticas y semi autom\u00e1ticas.<\/p>\n<\/li>\n<li data-start=\"956\" data-end=\"1045\">\n<p data-start=\"958\" data-end=\"1045\">Todo tipo de accesorios y complementos de m\u00e1quinas de caf\u00e9.\u00a0<\/p>\n<\/li>\n<\/ul>\n<p>Con un asesoramiento profesional, tu negocio no solo garantiza un caf\u00e9 de excelencia, sino tambi\u00e9n eficiencia operativa y una mejor experiencia para tus clientes.<\/p>\n<p>Nosotros te proporcionamos ese asesoramiento personalizado con la mejor elecci\u00f3n de \u00faltima gama de maquinaria (JURA, LA NORMA,&#8230;) , adecuando presupuesto, manteniendo, calidad y servicio.<\/p>\n<p><strong>\u00abTE ACOMPA\u00d1AMOS TODO EL PROCESO\u00bb<\/strong><strong><\/strong><\/p>\n<\/blockquote>\n<p>[\/et_pb_text][\/et_pb_column][\/et_pb_row][et_pb_row use_custom_gutter=\u00bbon\u00bb gutter_width=\u00bb1&#8243; _builder_version=\u00bb4.27.4&#8243; _module_preset=\u00bbdefault\u00bb global_colors_info=\u00bb{}\u00bb][et_pb_column type=\u00bb4_4&#8243; _builder_version=\u00bb4.27.4&#8243; _module_preset=\u00bbdefault\u00bb global_colors_info=\u00bb{}\u00bb][et_pb_gallery gallery_ids=\u00bb266,265,263,264&#8243; gallery_orderby=\u00bbrand\u00bb show_title_and_caption=\u00bboff\u00bb show_pagination=\u00bboff\u00bb zoom_icon_color=\u00bb#ffffff\u00bb hover_overlay_color=\u00bbrgba(255,255,255,0.44)\u00bb hover_icon=\u00bb&#x50;||divi||400&#8243; _builder_version=\u00bb4.27.4&#8243; _module_preset=\u00bbdefault\u00bb title_font_size=\u00bb13px\u00bb title_line_height=\u00bb1.5em\u00bb background_color=\u00bbRGBA(255,255,255,0)\u00bb text_orientation=\u00bbcenter\u00bb module_alignment=\u00bbcenter\u00bb custom_margin=\u00bb||||false|false\u00bb custom_padding=\u00bb||||false|false\u00bb border_width_all=\u00bb4px\u00bb border_color_all=\u00bb#FFFFFF\u00bb global_colors_info=\u00bb{}\u00bb][\/et_pb_gallery][\/et_pb_column][\/et_pb_row][\/et_pb_section][et_pb_section fb_built=\u00bb1&#8243; fullwidth=\u00bbon\u00bb _builder_version=\u00bb4.27.4&#8243; _module_preset=\u00bbdefault\u00bb background_image=\u00bbhttps:\/\/hosteleriasoluciones.com\/wp-content\/uploads\/2025\/08\/curso-barista-1920&#215;1000-slide2.jpg\u00bb parallax=\u00bbon\u00bb parallax_method=\u00bboff\u00bb height=\u00bb625px\u00bb global_colors_info=\u00bb{}\u00bb][\/et_pb_section][et_pb_section fb_built=\u00bb1&#8243; fullwidth=\u00bbon\u00bb _builder_version=\u00bb4.27.4&#8243; _module_preset=\u00bbdefault\u00bb background_color=\u00bb#d7b356&#8243; global_colors_info=\u00bb{}\u00bb][et_pb_fullwidth_header title=\u00bb\u00bfNecesitas ayuda personalizada?\u00bb text_orientation=\u00bbcenter\u00bb _builder_version=\u00bb4.27.4&#8243; _module_preset=\u00bbdefault\u00bb title_level=\u00bbh3&#8243; title_font=\u00bb&#8211;et_global_body_font|||on|||||\u00bb title_text_align=\u00bbcenter\u00bb title_text_color=\u00bb#000000&#8243; title_letter_spacing=\u00bb1px\u00bb content_font=\u00bb&#8211;et_global_body_font||||||||\u00bb content_text_color=\u00bb#000000&#8243; content_font_size=\u00bb16px\u00bb content_line_height=\u00bb1.9em\u00bb subhead_text_color=\u00bb#000000&#8243; background_enable_color=\u00bboff\u00bb hover_enabled=\u00bb0&#8243; title_font_size_tablet=\u00bb26px\u00bb title_font_size_phone=\u00bb22px\u00bb title_font_size_last_edited=\u00bbon|desktop\u00bb content_font_size_tablet=\u00bb\u00bb content_font_size_phone=\u00bb\u00bb content_font_size_last_edited=\u00bbon|desktop\u00bb global_colors_info=\u00bb{}\u00bb title_text=\u00bbsoluciones-hosteleria-whatsapp\u00bb header_image_url=\u00bbhttps:\/\/hosteleriasoluciones.com\/wp-content\/uploads\/2025\/08\/TAXI-VALENCIA-CITY-icono-whatsapp2.png\u00bb sticky_enabled=\u00bb0&#8243; link_option_url=\u00bbhttps:\/\/wa.me\/633306641&#8243;]<\/p>\n<p>CONTACTA CON NOSOTROS<\/p>\n<p><strong>+34 633 30 66 41<\/strong><\/p>\n<p>[\/et_pb_fullwidth_header][\/et_pb_section]<\/p>\n","protected":false},"excerpt":{"rendered":"<p>El caf\u00e9 es uno de los grandes protagonistas en la hosteler\u00eda: marca la diferencia entre una experiencia m\u00e1s y una experiencia memorable para el cliente. Por eso, elegir la m\u00e1quina de caf\u00e9 adecuada no es solo una inversi\u00f3n, sino una decisi\u00f3n estrat\u00e9gica para el \u00e9xito de tu negocio.El placer infinito del caf\u00e9 con estilo, calidad [&hellip;]<\/p>\n","protected":false},"author":2,"featured_media":0,"parent":0,"menu_order":0,"comment_status":"closed","ping_status":"closed","template":"","meta":{"_et_pb_use_builder":"on","_et_pb_old_content":"","_et_gb_content_width":"","footnotes":""},"class_list":["post-119","page","type-page","status-publish","hentry"],"yoast_head":"<!-- This site is optimized with the Yoast SEO plugin v25.6 - https:\/\/yoast.com\/wordpress\/plugins\/seo\/ -->\n<title>Maquinas cafe y accesorios - Soluciones Hosteler\u00eda<\/title>\n<meta name=\"robots\" content=\"noindex, follow, max-snippet:-1, max-image-preview:large, max-video-preview:-1\" \/>\n<meta property=\"og:locale\" content=\"es_ES\" \/>\n<meta property=\"og:type\" content=\"article\" \/>\n<meta property=\"og:title\" content=\"Maquinas cafe y accesorios - Soluciones Hosteler\u00eda\" \/>\n<meta property=\"og:description\" content=\"El caf\u00e9 es uno de los grandes protagonistas en la hosteler\u00eda: marca la diferencia entre una experiencia m\u00e1s y una experiencia memorable para el cliente. Por eso, elegir la m\u00e1quina de caf\u00e9 adecuada no es solo una inversi\u00f3n, sino una decisi\u00f3n estrat\u00e9gica para el \u00e9xito de tu negocio.El placer infinito del caf\u00e9 con estilo, calidad [&hellip;]\" \/>\n<meta property=\"og:url\" content=\"https:\/\/hosteleriasoluciones.com\/index.php\/maquinas-cafe-y-accesorios\/\" \/>\n<meta property=\"og:site_name\" content=\"Soluciones Hosteler\u00eda\" \/>\n<meta property=\"article:modified_time\" content=\"2025-08-29T08:59:36+00:00\" \/>\n<meta name=\"twitter:card\" content=\"summary_large_image\" \/>\n<script type=\"application\/ld+json\" class=\"yoast-schema-graph\">{\"@context\":\"https:\/\/schema.org\",\"@graph\":[{\"@type\":\"WebPage\",\"@id\":\"https:\/\/hosteleriasoluciones.com\/index.php\/maquinas-cafe-y-accesorios\/\",\"url\":\"https:\/\/hosteleriasoluciones.com\/index.php\/maquinas-cafe-y-accesorios\/\",\"name\":\"Maquinas cafe y accesorios - Soluciones Hosteler\u00eda\",\"isPartOf\":{\"@id\":\"https:\/\/hosteleriasoluciones.com\/#website\"},\"datePublished\":\"2025-08-13T08:12:08+00:00\",\"dateModified\":\"2025-08-29T08:59:36+00:00\",\"breadcrumb\":{\"@id\":\"https:\/\/hosteleriasoluciones.com\/index.php\/maquinas-cafe-y-accesorios\/#breadcrumb\"},\"inLanguage\":\"es\",\"potentialAction\":[{\"@type\":\"ReadAction\",\"target\":[\"https:\/\/hosteleriasoluciones.com\/index.php\/maquinas-cafe-y-accesorios\/\"]}]},{\"@type\":\"BreadcrumbList\",\"@id\":\"https:\/\/hosteleriasoluciones.com\/index.php\/maquinas-cafe-y-accesorios\/#breadcrumb\",\"itemListElement\":[{\"@type\":\"ListItem\",\"position\":1,\"name\":\"Portada\",\"item\":\"https:\/\/hosteleriasoluciones.com\/\"},{\"@type\":\"ListItem\",\"position\":2,\"name\":\"Maquinas cafe y accesorios\"}]},{\"@type\":\"WebSite\",\"@id\":\"https:\/\/hosteleriasoluciones.com\/#website\",\"url\":\"https:\/\/hosteleriasoluciones.com\/\",\"name\":\"Soluciones Hosteler\u00eda\",\"description\":\"\",\"potentialAction\":[{\"@type\":\"SearchAction\",\"target\":{\"@type\":\"EntryPoint\",\"urlTemplate\":\"https:\/\/hosteleriasoluciones.com\/?s={search_term_string}\"},\"query-input\":{\"@type\":\"PropertyValueSpecification\",\"valueRequired\":true,\"valueName\":\"search_term_string\"}}],\"inLanguage\":\"es\"}]}<\/script>\n<!-- \/ Yoast SEO plugin. -->","yoast_head_json":{"title":"Maquinas cafe y accesorios - Soluciones Hosteler\u00eda","robots":{"index":"noindex","follow":"follow","max-snippet":"max-snippet:-1","max-image-preview":"max-image-preview:large","max-video-preview":"max-video-preview:-1"},"og_locale":"es_ES","og_type":"article","og_title":"Maquinas cafe y accesorios - Soluciones Hosteler\u00eda","og_description":"El caf\u00e9 es uno de los grandes protagonistas en la hosteler\u00eda: marca la diferencia entre una experiencia m\u00e1s y una experiencia memorable para el cliente. Por eso, elegir la m\u00e1quina de caf\u00e9 adecuada no es solo una inversi\u00f3n, sino una decisi\u00f3n estrat\u00e9gica para el \u00e9xito de tu negocio.El placer infinito del caf\u00e9 con estilo, calidad [&hellip;]","og_url":"https:\/\/hosteleriasoluciones.com\/index.php\/maquinas-cafe-y-accesorios\/","og_site_name":"Soluciones Hosteler\u00eda","article_modified_time":"2025-08-29T08:59:36+00:00","twitter_card":"summary_large_image","schema":{"@context":"https:\/\/schema.org","@graph":[{"@type":"WebPage","@id":"https:\/\/hosteleriasoluciones.com\/index.php\/maquinas-cafe-y-accesorios\/","url":"https:\/\/hosteleriasoluciones.com\/index.php\/maquinas-cafe-y-accesorios\/","name":"Maquinas cafe y accesorios - Soluciones Hosteler\u00eda","isPartOf":{"@id":"https:\/\/hosteleriasoluciones.com\/#website"},"datePublished":"2025-08-13T08:12:08+00:00","dateModified":"2025-08-29T08:59:36+00:00","breadcrumb":{"@id":"https:\/\/hosteleriasoluciones.com\/index.php\/maquinas-cafe-y-accesorios\/#breadcrumb"},"inLanguage":"es","potentialAction":[{"@type":"ReadAction","target":["https:\/\/hosteleriasoluciones.com\/index.php\/maquinas-cafe-y-accesorios\/"]}]},{"@type":"BreadcrumbList","@id":"https:\/\/hosteleriasoluciones.com\/index.php\/maquinas-cafe-y-accesorios\/#breadcrumb","itemListElement":[{"@type":"ListItem","position":1,"name":"Portada","item":"https:\/\/hosteleriasoluciones.com\/"},{"@type":"ListItem","position":2,"name":"Maquinas cafe y accesorios"}]},{"@type":"WebSite","@id":"https:\/\/hosteleriasoluciones.com\/#website","url":"https:\/\/hosteleriasoluciones.com\/","name":"Soluciones Hosteler\u00eda","description":"","potentialAction":[{"@type":"SearchAction","target":{"@type":"EntryPoint","urlTemplate":"https:\/\/hosteleriasoluciones.com\/?s={search_term_string}"},"query-input":{"@type":"PropertyValueSpecification","valueRequired":true,"valueName":"search_term_string"}}],"inLanguage":"es"}]}},"_links":{"self":[{"href":"https:\/\/hosteleriasoluciones.com\/index.php\/wp-json\/wp\/v2\/pages\/119","targetHints":{"allow":["GET"]}}],"collection":[{"href":"https:\/\/hosteleriasoluciones.com\/index.php\/wp-json\/wp\/v2\/pages"}],"about":[{"href":"https:\/\/hosteleriasoluciones.com\/index.php\/wp-json\/wp\/v2\/types\/page"}],"author":[{"embeddable":true,"href":"https:\/\/hosteleriasoluciones.com\/index.php\/wp-json\/wp\/v2\/users\/2"}],"replies":[{"embeddable":true,"href":"https:\/\/hosteleriasoluciones.com\/index.php\/wp-json\/wp\/v2\/comments?post=119"}],"version-history":[{"count":13,"href":"https:\/\/hosteleriasoluciones.com\/index.php\/wp-json\/wp\/v2\/pages\/119\/revisions"}],"predecessor-version":[{"id":315,"href":"https:\/\/hosteleriasoluciones.com\/index.php\/wp-json\/wp\/v2\/pages\/119\/revisions\/315"}],"wp:attachment":[{"href":"https:\/\/hosteleriasoluciones.com\/index.php\/wp-json\/wp\/v2\/media?parent=119"}],"curies":[{"name":"wp","href":"https:\/\/api.w.org\/{rel}","templated":true}]}}